{"id":2169,"date":"2019-09-09T11:23:16","date_gmt":"2019-09-09T11:23:16","guid":{"rendered":"http:\/\/degrebe-project.eu\/about\/"},"modified":"2024-06-25T13:47:36","modified_gmt":"2024-06-25T13:47:36","slug":"about","status":"publish","type":"page","link":"https:\/\/degrebe-project.eu\/hu\/about\/","title":{"rendered":"R\u00f3lunk"},"content":{"rendered":"<p><img decoding=\"async\" src=\"\/wp-content\/uploads\/2022\/06\/smart-city-e1655374311520.jpg\" alt=\"\"><br \/>\n<img decoding=\"async\" src=\"\/wp-content\/uploads\/2022\/06\/plant.png\" alt=\"\"><\/p>\n<h1>A projektr\u0151l<\/h1>\n<div>\n<style>\n<p>   html {\n  scroll-behavior: smooth;\n}\n    .arrow\n{\n  position: relative;\n  bottom: -2rem;\n  left: 50%;\n  margin-left:-20px;\n  width: 40px;\n  height: 40px;\n  color: #892E92 !important;<\/p>\n<p>  \/**\n   * Dark Arrow Down\n   *\/\n  background-image: url(http:\/\/degrebe-project.eu\/wp-content\/uploads\/2022\/06\/down-arrow.png);\n  background-size: contain;\n}<\/p>\n<p>.bounce {\n  animation: bounce 2s infinite;\n}<\/p>\n<p>@keyframes bounce {\n  0%, 20%, 50%, 80%, 100% {\n    transform: translateY(0);\n  }\n  40% {\n    transform: translateY(-30px);\n  }\n  60% {\n    transform: translateY(-15px);\n  }\n}<\/p>\n<\/style>\n<p><a href=\"#about-degrebe\"><\/p>\n<div class=\"arrow bounce\"><\/div>\n<p><\/a>\n<\/div>\n<p><img decoding=\"async\" src=\"\/wp-content\/uploads\/2022\/06\/plant-r.png\" alt=\"\"><\/p>\n<div>\n<p>A DEGREBE az Erasmus+ \u00e1ltal t\u00e1mogatott projekt, amelynek az a c\u00e9lja, hogy seg\u00edtse az agr\u00e1riumban tanul\u00f3 fiatalokat z\u00f6ld \u00e9s transzverz\u00e1lis k\u00e9szs\u00e9geik fejleszt\u00e9s\u00e9ben.<\/p>\n<\/p>\n<p class=\"special-font purple-text\"><b><span data-contrast=\"auto\">Mi\u00e9rt hat\u00e1roztuk el ennek a projektnek a megval\u00f3s\u00edt\u00e1s\u00e1t??<\/span><\/b><span data-ccp-props=\"{&quot;134233117&quot;:true,&quot;134233118&quot;:true}\">\u00a0<\/span><\/p>\n<p><span data-contrast=\"none\">Mivel a k\u00f6rnyezetv\u00e9delmi probl\u00e9m\u00e1k eg\u00e9sz bolyg\u00f3nkra kihatnak, sz\u00e1mos v\u00e1llalat z\u00f6ld gondolkod\u00e1sba kezdett, mik\u00f6zben az elm\u00falt \u00e9vtizedekben egyre n\u00e9pszer\u0171bbek lettek az olyan startupok, amelyek k\u00f6rnyezetv\u00e9delmi alapon m\u0171k\u00f6dnek. Mindezek folyt\u00e1n a munkaad\u00f3k ma olyan munkav\u00e1llal\u00f3kat keresnek, akiknek z\u00f6ld k\u00e9szs\u00e9geik vannak. Az \u00e9ppen munk\u00e1ba \u00e1ll\u00f3 Z gener\u00e1ci\u00f3 tagjainak teh\u00e1t l\u00e9t\u00e9rdeke, hogy fejlessze z\u00f6ld k\u00e9szs\u00e9geit.\u00a0 A projekt \u00edgy kulcsprobl\u00e9m\u00e1ra reflekt\u00e1l. Ezen fel\u00fcl projekt\u00fcnk a digit\u00e1lis \u00e1talakul\u00e1ssal is foglalkozik, vagyis a digit\u00e1lis technol\u00f3gi\u00e1k felhaszn\u00e1l\u00e1s\u00e1val pedag\u00f3giai, adminisztrat\u00edv, technikai, szervezeti szinten, ami a COVID-19 pand\u00e9mia nyom\u00e1n oly fontoss\u00e1 v\u00e1lt.<\/span><\/p>\n<\/p>\n<p class=\"special-font purple-text\"><b><span data-contrast=\"auto\">Mit szeretn\u00e9nk el\u00e9rni?<\/span><\/b><span data-ccp-props=\"{&quot;134233117&quot;:true,&quot;134233118&quot;:true}\">\u00a0<\/span><\/p>\n<p>Alapos tud\u00e1st szeretn\u00e9nk ny\u00fajtani a k\u00f6rnyezetv\u00e9delem, a kl\u00edmav\u00e1ltoz\u00e1s kih\u00edv\u00e1sair\u00f3l, olyan transzverz\u00e1lis k\u00e9szs\u00e9gek fejleszt\u00e9s\u00e9vel, amelyek seg\u00edtik \u00e9s er\u0151s\u00edtik is a k\u00f6rnyezetv\u00e9delmi tud\u00e1st, ami a j\u00f6v\u0151 nemzed\u00e9ke sz\u00e1m\u00e1ra k\u00fcl\u00f6n\u00f6sen fontos, hiszen sz\u00e1mos c\u00e9gnek olyan munkav\u00e1llal\u00f3kra van sz\u00fcks\u00e9ge, akik bizony\u00edtani tudj\u00e1k ezir\u00e1ny\u00fa ismereteiket. Hissz\u00fck, hogy a z\u00f6ld \u00e9s transzverz\u00e1lis k\u00e9szs\u00e9gek fejleszt\u00e9se megedzi \u00e9s felfegyverzi a j\u00f6v\u0151 munkav\u00e1llal\u00f3it a munkaer\u0151piacon val\u00f3 sikeres \u00f6n\u00e9rv\u00e9nyes\u00edt\u00e9sre.<\/p>\n<\/p>\n<p class=\"special-font purple-text\"><b><span data-contrast=\"auto\">Milyen eredm\u00e9nyeket \u00e9rt\u00fcnk el?<\/span><\/b><span data-ccp-props=\"{}\">\u00a0<\/span><\/p>\n<p><span data-contrast=\"none\">Azt tervezz\u00fck, hogy kifejleszt\u00fcnk \u00e9s megval\u00f3s\u00edtunk:<\/span><span data-ccp-props=\"{}\">\u00a0<\/span><\/p>\n<ul>\n<li data-leveltext=\"\uf0b7\" data-font=\"Symbol\" data-listid=\"5\" data-list-defn-props=\"{&quot;335552541&quot;:1,&quot;335559684&quot;:-2,&quot;335559685&quot;:720,&quot;335559991&quot;:360,&quot;469769226&quot;:&quot;Symbol&quot;,&quot;469769242&quot;:[8226],&quot;469777803&quot;:&quot;left&quot;,&quot;469777804&quot;:&quot;\uf0b7&quot;,&quot;469777815&quot;:&quot;hybridMultilevel&quot;}\" aria-setsize=\"-1\" data-aria-posinset=\"1\" data-aria-level=\"1\"><span data-contrast=\"none\"><a href=\"http:\/\/degrebe-project.eu\/wp-content\/uploads\/2024\/06\/DEGREBE_Knowledge-bases.pdf\">egy digit\u00e1lis oktat\u00f3csomagot<\/a>, <a href=\"https:\/\/degrebee.trebag.hu\/hu\/decisiontree\/12\">interakt\u00edv online j\u00e1t\u00e9k<\/a> form\u00e1j\u00e1ban, ami di\u00e1koknak \u00e9s fiatal szakembereknek sz\u00f3l. <\/span><span data-ccp-props=\"{}\">\u00a0<\/span><\/li>\n<li data-leveltext=\"\uf0b7\" data-font=\"Symbol\" data-listid=\"5\" data-list-defn-props=\"{&quot;335552541&quot;:1,&quot;335559684&quot;:-2,&quot;335559685&quot;:720,&quot;335559991&quot;:360,&quot;469769226&quot;:&quot;Symbol&quot;,&quot;469769242&quot;:[8226],&quot;469777803&quot;:&quot;left&quot;,&quot;469777804&quot;:&quot;\uf0b7&quot;,&quot;469777815&quot;:&quot;hybridMultilevel&quot;}\" aria-setsize=\"-1\" data-aria-posinset=\"2\" data-aria-level=\"1\"><span data-contrast=\"none\">egy <a href=\"http:\/\/degrebe-project.eu\/wp-content\/uploads\/2024\/05\/Trainers-Guide-Final-HU.pdf\">\u00datmutat\u00f3t<\/a> a tan\u00e1rok sz\u00e1m\u00e1ra. Ez a k\u00e9zik\u00f6nyv bemutatja a j\u00e1t\u00e9kos\u00edt\u00e1s (gamifik\u00e1ci\u00f3) lehet\u0151s\u00e9geit, \u00e9s azt, hogyan alkalmazhatja a tan\u00e1r ezt a m\u00f3dszertant a saj\u00e1t \u00f3r\u00e1in.<\/span><span data-ccp-props=\"{}\">\u00a0<\/span><\/li>\n<\/ul>\n<p class=\"special-font purple-text\"><b><span data-contrast=\"auto\">Mit mondhatunk a j\u00e1t\u00e9kr\u00f3l?<\/span><\/b><span data-ccp-props=\"{&quot;134233117&quot;:true,&quot;134233118&quot;:true}\">\u00a0<\/span><\/p>\n<p>Olyan transzverz\u00e1lis k\u00e9szs\u00e9geket fejleszt, amelyek seg\u00edtenek a legfontosabb k\u00f6rnyezetv\u00e9delmi tud\u00e1sanyag elsaj\u00e1t\u00edt\u00e1s\u00e1ban. A j\u00e1t\u00e9k egy kerett\u00f6rt\u00e9netre \u00e9p\u00fcl, melynek \u00f6t alfejezete van. Minden fejezetben van \u00e9rt\u00e9kel\u00e9s, ami seg\u00edt annak a meg\u00e1llap\u00edt\u00e1s\u00e1ban, hogy a j\u00e1t\u00e9kos mennyi z\u00f6ld \u00e9s transzverz\u00e1lis tud\u00e1st szerzett. A j\u00e1t\u00e9kos d\u00f6nt\u00e9sf\u00e1val tal\u00e1lkozik, a tud\u00e1s\u00e1t azzal ellen\u0151rizheti, hogy ki kell v\u00e1lasztania az adott helyzetben\u00a0 szerinte helyes megold\u00e1st a rendelkez\u00e9sre \u00e1ll\u00f3 lehet\u0151s\u00e9gek k\u00f6z\u00fcl. A d\u00f6nt\u00e9sf\u00e1k egyed\u00fcl\u00e1ll\u00f3, j\u00e1t\u00e9kos\u00edtott t\u00f6rt\u00e9netbe vannak \u00e1gyazva, a kerett\u00f6rt\u00e9net a visual novel m\u0171fajban megszokott j\u00e1t\u00e9k\u00e9lm\u00e9nyt ny\u00fajtja majd. Az elk\u00e9sz\u00fclt digit\u00e1lis j\u00e1t\u00e9k cselekm\u00e9ny\u00e9ben val\u00f3s \u00e9lethelyzeteket tal\u00e1lunk majd, olyan szitu\u00e1ci\u00f3kat, p\u00e9ld\u00e1kat \u00e9s kih\u00edv\u00e1sokat, amelyek az agr\u00e1rszektor k\u00f6rnyezetv\u00e9delmi probl\u00e9m\u00e1it t\u00fckr\u00f6zik.<\/p>\n<p>Mik\u00f6zben a DEGREBE vil\u00e1g\u00e1t kitapasztalj\u00e1k, a j\u00e1t\u00e9kosok saj\u00e1t d\u00f6nt\u00e9seket hoznak majd, \u00e9s egyre jobban megismerik a z\u00f6ld \u00e9s transzverz\u00e1lis k\u00e9sz\u00e9geket.<\/p>\n<\/div>\n<p><img decoding=\"async\" src=\"\/wp-content\/uploads\/2023\/10\/HU_Co-fundedbytheEU_RGB_POS.png\" alt=\"\"><\/p>\n<div>\n<p class=\"_04xlpA direction-ltr align-center para-style-body\"><span class=\"JsGRdQ\">DEGREBE Project No. 2021-1-HU01-KA220-VET-000024924 <span data-contrast=\"none\" xml:lang=\"HU-HU\" lang=\"HU-HU\" class=\"TextRun SCXW27761260 BCX0\"><span class=\"NormalTextRun SCXW27761260 BCX0\">az Eur\u00f3pai Uni\u00f3 Erasmus+ programj\u00e1nak t\u00e1rsfinansz\u00edroz\u00e1s\u00e1val<\/span><\/span><\/span><\/p>\n<p class=\"_04xlpA direction-ltr align-center para-style-body\"><span data-contrast=\"none\" xml:lang=\"HU-HU\" lang=\"HU-HU\" class=\"TextRun SCXW9895591 BCX0\"><span class=\"NormalTextRun SCXW9895591 BCX0\">Ez a weboldal csak a szerz\u0151 n\u00e9zeteit t\u00fckr\u00f6zi. Az Eur\u00f3pai Bizotts\u00e1g nem tehet\u0151 felel\u0151ss\u00e9 az <\/span><span class=\"NormalTextRun SCXW9895591 BCX0\">abban foglalt inform\u00e1ci\u00f3k b\u00e1rmilyen felhaszn\u00e1l\u00e1s\u00e1\u00e9rt.<\/span><\/span><span class=\"EOP SCXW9895591 BCX0\" data-ccp-props=\"{&quot;201341983&quot;:0,&quot;335559740&quot;:259}\">\u00a0<\/span><\/p>\n<\/div>\n<ul>\n<li><a href=\"https:\/\/www.instagram.com\/degrebe_project\/\">instagram<\/a>\n<\/li>\n<li><a href=\"https:\/\/www.facebook.com\/DEGREBE\">facebook<\/a>\n<\/li>\n<\/ul>\n<p><!--more--><br \/>\n<!-- {\"name\":\"About\",\"type\":\"layout\",\"children\":[{\"name\":\"Hero\",\"type\":\"section\",\"props\":{\"width\":\"\",\"padding\":\"small\",\"style\":\"default\",\"animation\":\"fade\",\"padding_remove_top\":false,\"image_position\":\"center-center\",\"vertical_align\":\"middle\",\"title_position\":\"top-left\",\"title_rotation\":\"left\",\"title_breakpoint\":\"xl\",\"image\":\"\",\"image_width\":\"1300\"},\"children\":[{\"type\":\"row\",\"children\":[{\"type\":\"column\",\"props\":{\"position_sticky_breakpoint\":\"m\",\"image_position\":\"center-center\",\"media_overlay_gradient\":\"\",\"position_sticky\":false},\"children\":[{\"type\":\"image\",\"props\":{\"margin\":\"default\",\"image_svg_color\":\"emphasis\",\"image\":\"wp-content\\\/uploads\\\/2022\\\/06\\\/smart-city-e1655374311520.jpg\"}}]}],\"props\":{\"column_gap\":\"collapse\"}},{\"name\":\"\",\"type\":\"row\",\"props\":{\"layout\":\"1-4,1-2,1-4\",\"vertical_align\":true,\"column_gap\":\"large\",\"row_gap\":\"large\"},\"children\":[{\"name\":\"\",\"type\":\"column\",\"props\":{\"image_position\":\"center-center\",\"vertical_align\":\"middle\",\"media_overlay_gradient\":\"\",\"width_medium\":\"1-4\",\"position_sticky_breakpoint\":\"m\"},\"children\":[{\"type\":\"image\",\"props\":{\"margin\":\"default\",\"image_svg_color\":\"emphasis\",\"image\":\"wp-content\\\/uploads\\\/2022\\\/06\\\/plant.png\"}}]},{\"type\":\"column\",\"props\":{\"position_sticky_breakpoint\":\"m\",\"image_position\":\"center-center\",\"media_overlay_gradient\":\"\",\"width_medium\":\"1-2\"},\"children\":[{\"type\":\"headline\",\"props\":{\"title_element\":\"h1\",\"content\":\"A projektr\\u0151l\",\"text_align\":\"center\",\"class\":\"special-font\",\"css\":\".el-element{\\n\\tfont-weight: 900;\\n    color:#892E92\\n}\"}},{\"type\":\"html\",\"props\":{\"content\":\"\n\n<style>\\n    \\n   html {\\n  scroll-behavior: smooth;\\n}\\n    .arrow\\n{\\n  position: relative;\\n  bottom: -2rem;\\n  left: 50%;\\n  margin-left:-20px;\\n  width: 40px;\\n  height: 40px;\\n  color: #892E92 !important;\\n\\n  \\\/**\\n   * Dark Arrow Down\\n   *\\\/\\n  background-image: url(http:\\\/\\\/degrebe-project.eu\\\/wp-content\\\/uploads\\\/2022\\\/06\\\/down-arrow.png);\\n  background-size: contain;\\n}\\n\\n.bounce {\\n  animation: bounce 2s infinite;\\n}\\n\\n@keyframes bounce {\\n  0%, 20%, 50%, 80%, 100% {\\n    transform: translateY(0);\\n  }\\n  40% {\\n    transform: translateY(-30px);\\n  }\\n  60% {\\n    transform: translateY(-15px);\\n  }\\n}\\n    \\n    \\n<\\\/style>\\n\\n<a href=\\\"#about-degrebe\\\">\n\n<div class=\\\"arrow bounce\\\"><\\\/div><\\\/a>\"}}]},{\"type\":\"column\",\"props\":{\"position_sticky_breakpoint\":\"m\",\"image_position\":\"center-center\",\"media_overlay_gradient\":\"\",\"width_medium\":\"1-4\"},\"children\":[{\"type\":\"image\",\"props\":{\"margin\":\"default\",\"image_svg_color\":\"emphasis\",\"image\":\"wp-content\\\/uploads\\\/2022\\\/06\\\/plant-r.png\",\"container_padding_remove\":false,\"css\":\"@media (min-width: 960px)\\n.uk-width-1-4\\\\@m {\\n    width: 1%;\\n}\",\"position\":\"absolute\",\"position_right\":\"0\"}}]}]}]},{\"name\":\"Section\",\"type\":\"section\",\"props\":{\"style\":\"default\",\"width\":\"large\",\"vertical_align\":\"middle\",\"title_position\":\"top-left\",\"title_rotation\":\"left\",\"title_breakpoint\":\"xl\",\"image_position\":\"center-center\",\"animation\":\"fade\",\"animation_delay\":\"200\",\"id\":\"about-degrebe\"},\"children\":[{\"type\":\"row\",\"children\":[{\"type\":\"column\",\"props\":{\"position_sticky_breakpoint\":\"m\",\"image_position\":\"center-center\",\"media_overlay_gradient\":\"\"},\"children\":[{\"type\":\"text\",\"props\":{\"margin\":\"default\",\"column_breakpoint\":\"m\",\"content\":\"\n\n<p>A DEGREBE az Erasmus+ \\u00e1ltal t\\u00e1mogatott projekt, amelynek az a c\\u00e9lja, hogy seg\\u00edtse az agr\\u00e1riumban tanul\\u00f3 fiatalokat z\\u00f6ld \\u00e9s transzverz\\u00e1lis k\\u00e9szs\\u00e9geik fejleszt\\u00e9s\\u00e9ben.<\\\/p>\\n\n\n<p><\\\/p>\\n\n\n<p class=\\\"special-font purple-text\\\"><b><span data-contrast=\\\"auto\\\">Mi\\u00e9rt hat\\u00e1roztuk el ennek a projektnek a megval\\u00f3s\\u00edt\\u00e1s\\u00e1t??<\\\/span><\\\/b><span data-ccp-props=\\\"{&quot;134233117&quot;:true,&quot;134233118&quot;:true}\\\">\\u00a0<\\\/span><\\\/p>\\n\n\n<p><span data-contrast=\\\"none\\\">Mivel a k\\u00f6rnyezetv\\u00e9delmi probl\\u00e9m\\u00e1k eg\\u00e9sz bolyg\\u00f3nkra kihatnak, sz\\u00e1mos v\\u00e1llalat z\\u00f6ld gondolkod\\u00e1sba kezdett, mik\\u00f6zben az elm\\u00falt \\u00e9vtizedekben egyre n\\u00e9pszer\\u0171bbek lettek az olyan startupok, amelyek k\\u00f6rnyezetv\\u00e9delmi alapon m\\u0171k\\u00f6dnek. Mindezek folyt\\u00e1n a munkaad\\u00f3k ma olyan munkav\\u00e1llal\\u00f3kat keresnek, akiknek z\\u00f6ld k\\u00e9szs\\u00e9geik vannak. Az \\u00e9ppen munk\\u00e1ba \\u00e1ll\\u00f3 Z gener\\u00e1ci\\u00f3 tagjainak teh\\u00e1t l\\u00e9t\\u00e9rdeke, hogy fejlessze z\\u00f6ld k\\u00e9szs\\u00e9geit.\\u00a0 A projekt \\u00edgy kulcsprobl\\u00e9m\\u00e1ra reflekt\\u00e1l. Ezen fel\\u00fcl projekt\\u00fcnk a digit\\u00e1lis \\u00e1talakul\\u00e1ssal is foglalkozik, vagyis a digit\\u00e1lis technol\\u00f3gi\\u00e1k felhaszn\\u00e1l\\u00e1s\\u00e1val pedag\\u00f3giai, adminisztrat\\u00edv, technikai, szervezeti szinten, ami a COVID-19 pand\\u00e9mia nyom\\u00e1n oly fontoss\\u00e1 v\\u00e1lt.<\\\/span><\\\/p>\\n\n\n<p><\\\/p>\\n\n\n<p class=\\\"special-font purple-text\\\"><b><span data-contrast=\\\"auto\\\">Mit szeretn\\u00e9nk el\\u00e9rni?<\\\/span><\\\/b><span data-ccp-props=\\\"{&quot;134233117&quot;:true,&quot;134233118&quot;:true}\\\">\\u00a0<\\\/span><\\\/p>\\n\n\n<p>Alapos tud\\u00e1st szeretn\\u00e9nk ny\\u00fajtani a k\\u00f6rnyezetv\\u00e9delem, a kl\\u00edmav\\u00e1ltoz\\u00e1s kih\\u00edv\\u00e1sair\\u00f3l, olyan transzverz\\u00e1lis k\\u00e9szs\\u00e9gek fejleszt\\u00e9s\\u00e9vel, amelyek seg\\u00edtik \\u00e9s er\\u0151s\\u00edtik is a k\\u00f6rnyezetv\\u00e9delmi tud\\u00e1st, ami a j\\u00f6v\\u0151 nemzed\\u00e9ke sz\\u00e1m\\u00e1ra k\\u00fcl\\u00f6n\\u00f6sen fontos, hiszen sz\\u00e1mos c\\u00e9gnek olyan munkav\\u00e1llal\\u00f3kra van sz\\u00fcks\\u00e9ge, akik bizony\\u00edtani tudj\\u00e1k ezir\\u00e1ny\\u00fa ismereteiket. Hissz\\u00fck, hogy a z\\u00f6ld \\u00e9s transzverz\\u00e1lis k\\u00e9szs\\u00e9gek fejleszt\\u00e9se megedzi \\u00e9s felfegyverzi a j\\u00f6v\\u0151 munkav\\u00e1llal\\u00f3it a munkaer\\u0151piacon val\\u00f3 sikeres \\u00f6n\\u00e9rv\\u00e9nyes\\u00edt\\u00e9sre.<\\\/p>\\n\n\n<p><\\\/p>\\n\n\n<p class=\\\"special-font purple-text\\\"><b><span data-contrast=\\\"auto\\\">Milyen eredm\\u00e9nyeket \\u00e9rt\\u00fcnk el?<\\\/span><\\\/b><span data-ccp-props=\\\"{}\\\">\\u00a0<\\\/span><\\\/p>\\n\n\n<p><span data-contrast=\\\"none\\\">Azt tervezz\\u00fck, hogy kifejleszt\\u00fcnk \\u00e9s megval\\u00f3s\\u00edtunk:<\\\/span><span data-ccp-props=\\\"{}\\\">\\u00a0<\\\/span><\\\/p>\\n\n\n<ul>\\n\n\n<li data-leveltext=\\\"\\uf0b7\\\" data-font=\\\"Symbol\\\" data-listid=\\\"5\\\" data-list-defn-props=\\\"{&quot;335552541&quot;:1,&quot;335559684&quot;:-2,&quot;335559685&quot;:720,&quot;335559991&quot;:360,&quot;469769226&quot;:&quot;Symbol&quot;,&quot;469769242&quot;:[8226],&quot;469777803&quot;:&quot;left&quot;,&quot;469777804&quot;:&quot;\\uf0b7&quot;,&quot;469777815&quot;:&quot;hybridMultilevel&quot;}\\\" aria-setsize=\\\"-1\\\" data-aria-posinset=\\\"1\\\" data-aria-level=\\\"1\\\"><span data-contrast=\\\"none\\\"><a href=\\\"http:\\\/\\\/degrebe-project.eu\\\/wp-content\\\/uploads\\\/2024\\\/06\\\/DEGREBE_Knowledge-bases.pdf\\\">egy digit\\u00e1lis oktat\\u00f3csomagot<\\\/a>, <a href=\\\"https:\\\/\\\/degrebee.trebag.hu\\\/hu\\\/decisiontree\\\/12\\\">interakt\\u00edv online j\\u00e1t\\u00e9k<\\\/a> form\\u00e1j\\u00e1ban, ami di\\u00e1koknak \\u00e9s fiatal szakembereknek sz\\u00f3l. <\\\/span><span data-ccp-props=\\\"{}\\\">\\u00a0<\\\/span><\\\/li>\\n\n\n<li data-leveltext=\\\"\\uf0b7\\\" data-font=\\\"Symbol\\\" data-listid=\\\"5\\\" data-list-defn-props=\\\"{&quot;335552541&quot;:1,&quot;335559684&quot;:-2,&quot;335559685&quot;:720,&quot;335559991&quot;:360,&quot;469769226&quot;:&quot;Symbol&quot;,&quot;469769242&quot;:[8226],&quot;469777803&quot;:&quot;left&quot;,&quot;469777804&quot;:&quot;\\uf0b7&quot;,&quot;469777815&quot;:&quot;hybridMultilevel&quot;}\\\" aria-setsize=\\\"-1\\\" data-aria-posinset=\\\"2\\\" data-aria-level=\\\"1\\\"><span data-contrast=\\\"none\\\">egy <a href=\\\"http:\\\/\\\/degrebe-project.eu\\\/wp-content\\\/uploads\\\/2024\\\/05\\\/Trainers-Guide-Final-HU.pdf\\\">\\u00datmutat\\u00f3t<\\\/a> a tan\\u00e1rok sz\\u00e1m\\u00e1ra. Ez a k\\u00e9zik\\u00f6nyv bemutatja a j\\u00e1t\\u00e9kos\\u00edt\\u00e1s (gamifik\\u00e1ci\\u00f3) lehet\\u0151s\\u00e9geit, \\u00e9s azt, hogyan alkalmazhatja a tan\\u00e1r ezt a m\\u00f3dszertant a saj\\u00e1t \\u00f3r\\u00e1in.<\\\/span><span data-ccp-props=\\\"{}\\\">\\u00a0<\\\/span><\\\/li>\\n<\\\/ul>\\n\n\n<p><\\\/p>\\n\n\n<p class=\\\"special-font purple-text\\\"><b><span data-contrast=\\\"auto\\\">Mit mondhatunk a j\\u00e1t\\u00e9kr\\u00f3l?<\\\/span><\\\/b><span data-ccp-props=\\\"{&quot;134233117&quot;:true,&quot;134233118&quot;:true}\\\">\\u00a0<\\\/span><\\\/p>\\n\n\n<p>Olyan transzverz\\u00e1lis k\\u00e9szs\\u00e9geket fejleszt, amelyek seg\\u00edtenek a legfontosabb k\\u00f6rnyezetv\\u00e9delmi tud\\u00e1sanyag elsaj\\u00e1t\\u00edt\\u00e1s\\u00e1ban. A j\\u00e1t\\u00e9k egy kerett\\u00f6rt\\u00e9netre \\u00e9p\\u00fcl, melynek \\u00f6t alfejezete van. Minden fejezetben van \\u00e9rt\\u00e9kel\\u00e9s, ami seg\\u00edt annak a meg\\u00e1llap\\u00edt\\u00e1s\\u00e1ban, hogy a j\\u00e1t\\u00e9kos mennyi z\\u00f6ld \\u00e9s transzverz\\u00e1lis tud\\u00e1st szerzett. A j\\u00e1t\\u00e9kos d\\u00f6nt\\u00e9sf\\u00e1val tal\\u00e1lkozik, a tud\\u00e1s\\u00e1t azzal ellen\\u0151rizheti, hogy ki kell v\\u00e1lasztania az adott helyzetben\\u00a0 szerinte helyes megold\\u00e1st a rendelkez\\u00e9sre \\u00e1ll\\u00f3 lehet\\u0151s\\u00e9gek k\\u00f6z\\u00fcl. A d\\u00f6nt\\u00e9sf\\u00e1k egyed\\u00fcl\\u00e1ll\\u00f3, j\\u00e1t\\u00e9kos\\u00edtott t\\u00f6rt\\u00e9netbe vannak \\u00e1gyazva, a kerett\\u00f6rt\\u00e9net a visual novel m\\u0171fajban megszokott j\\u00e1t\\u00e9k\\u00e9lm\\u00e9nyt ny\\u00fajtja majd. Az elk\\u00e9sz\\u00fclt digit\\u00e1lis j\\u00e1t\\u00e9k cselekm\\u00e9ny\\u00e9ben val\\u00f3s \\u00e9lethelyzeteket tal\\u00e1lunk majd, olyan szitu\\u00e1ci\\u00f3kat, p\\u00e9ld\\u00e1kat \\u00e9s kih\\u00edv\\u00e1sokat, amelyek az agr\\u00e1rszektor k\\u00f6rnyezetv\\u00e9delmi probl\\u00e9m\\u00e1it t\\u00fckr\\u00f6zik.<\\\/p>\\n\n\n<p>Mik\\u00f6zben a DEGREBE vil\\u00e1g\\u00e1t kitapasztalj\\u00e1k, a j\\u00e1t\\u00e9kosok saj\\u00e1t d\\u00f6nt\\u00e9seket hoznak majd, \\u00e9s egyre jobban megismerik a z\\u00f6ld \\u00e9s transzverz\\u00e1lis k\\u00e9sz\\u00e9geket.<\\\/p>\",\"text_color\":\"emphasis\",\"css\":\".el-element b{\\n\\tfont-size: 20px;\\n}\"}}]}]}]},{\"name\":\"footer_hu\",\"type\":\"section\",\"props\":{\"style\":\"default\",\"width\":\"large\",\"vertical_align\":\"middle\",\"title_position\":\"top-left\",\"title_rotation\":\"left\",\"title_breakpoint\":\"xl\",\"image_position\":\"center-center\",\"css\":\".el-section{\\n\\tbackground-color: #f6f6f6;\\n}\"},\"children\":[{\"name\":\"\",\"type\":\"row\",\"props\":{\"layout\":\"1-3,1-3,1-3\",\"match\":true},\"children\":[{\"name\":\"\",\"type\":\"column\",\"props\":{\"image_position\":\"center-center\",\"media_overlay_gradient\":\"\",\"width_medium\":\"1-3\",\"position_sticky_breakpoint\":\"m\",\"vertical_align\":\"middle\"},\"children\":[{\"type\":\"image\",\"props\":{\"margin\":\"default\",\"image_svg_color\":\"emphasis\",\"image\":\"wp-content\\\/uploads\\\/2023\\\/10\\\/HU_Co-fundedbytheEU_RGB_POS.png\"}}]},{\"name\":\"\",\"type\":\"column\",\"props\":{\"image_position\":\"center-center\",\"media_overlay_gradient\":\"\",\"width_medium\":\"1-3\",\"position_sticky_breakpoint\":\"m\"},\"children\":[{\"type\":\"text\",\"props\":{\"margin\":\"default\",\"column_breakpoint\":\"m\",\"content\":\"\n\n<p class=\\\"_04xlpA direction-ltr align-center para-style-body\\\"><span class=\\\"JsGRdQ\\\">DEGREBE Project No. 2021-1-HU01-KA220-VET-000024924 <span data-contrast=\\\"none\\\" xml:lang=\\\"HU-HU\\\" lang=\\\"HU-HU\\\" class=\\\"TextRun SCXW27761260 BCX0\\\"><span class=\\\"NormalTextRun SCXW27761260 BCX0\\\">az Eur\\u00f3pai Uni\\u00f3 Erasmus+ programj\\u00e1nak t\\u00e1rsfinansz\\u00edroz\\u00e1s\\u00e1val<\\\/span><\\\/span><\\\/span><\\\/p>\\n\n\n<p class=\\\"_04xlpA direction-ltr align-center para-style-body\\\"><span data-contrast=\\\"none\\\" xml:lang=\\\"HU-HU\\\" lang=\\\"HU-HU\\\" class=\\\"TextRun SCXW9895591 BCX0\\\"><span class=\\\"NormalTextRun SCXW9895591 BCX0\\\">Ez a weboldal csak a szerz\\u0151 n\\u00e9zeteit t\\u00fckr\\u00f6zi. Az Eur\\u00f3pai Bizotts\\u00e1g nem tehet\\u0151 felel\\u0151ss\\u00e9 az <\\\/span><span class=\\\"NormalTextRun SCXW9895591 BCX0\\\">abban foglalt inform\\u00e1ci\\u00f3k b\\u00e1rmilyen felhaszn\\u00e1l\\u00e1s\\u00e1\\u00e9rt.<\\\/span><\\\/span><span class=\\\"EOP SCXW9895591 BCX0\\\" data-ccp-props=\\\"{&quot;201341983&quot;:0,&quot;335559740&quot;:259}\\\">\\u00a0<\\\/span><\\\/p>\",\"text_align\":\"center\",\"text_color\":\"emphasis\",\"class\":\"\",\"css\":\".el-element p{\\n\\tcolor: #892E92;\\n    font-weight: 600;\\n}\"}}]},{\"name\":\"\",\"type\":\"column\",\"props\":{\"image_position\":\"center-center\",\"media_overlay_gradient\":\"\",\"width_medium\":\"1-3\",\"position_sticky_breakpoint\":\"m\",\"vertical_align\":\"middle\"},\"children\":[{\"type\":\"social\",\"props\":{\"link_style\":\"\",\"grid\":\"horizontal\",\"grid_gap\":\"small\",\"margin\":\"default\",\"icon_width\":\"40px\",\"text_align\":\"center\"},\"children\":[{\"type\":\"social_item\",\"props\":{\"link\":\"https:\\\/\\\/www.instagram.com\\\/degrebe_project\\\/\",\"status\":\"\"}},{\"type\":\"social_item\",\"props\":{\"link\":\"https:\\\/\\\/www.facebook.com\\\/DEGREBE\"}}]}]}]}]}],\"version\":\"2.7.22\"} --><\/p>\n","protected":false},"excerpt":{"rendered":"<p>A projektr\u0151l A DEGREBE az Erasmus+ \u00e1ltal t\u00e1mogatott projekt, amelynek az a c\u00e9lja, hogy seg\u00edtse az agr\u00e1riumban tanul\u00f3 fiatalokat z\u00f6ld \u00e9s transzverz\u00e1lis k\u00e9szs\u00e9geik fejleszt\u00e9s\u00e9ben. Mi\u00e9rt hat\u00e1roztuk el ennek a projektnek a megval\u00f3s\u00edt\u00e1s\u00e1t??\u00a0 Mivel a k\u00f6rnyezetv\u00e9delmi probl\u00e9m\u00e1k eg\u00e9sz bolyg\u00f3nkra kihatnak, sz\u00e1mos v\u00e1llalat z\u00f6ld gondolkod\u00e1sba kezdett, mik\u00f6zben az elm\u00falt \u00e9vtizedekben egyre n\u00e9pszer\u0171bbek lettek az olyan startupok, amelyek [&hellip;]<\/p>\n","protected":false},"author":1,"featured_media":0,"parent":0,"menu_order":4,"comment_status":"open","ping_status":"open","template":"","meta":[],"_links":{"self":[{"href":"https:\/\/degrebe-project.eu\/hu\/wp-json\/wp\/v2\/pages\/2169"}],"collection":[{"href":"https:\/\/degrebe-project.eu\/hu\/wp-json\/wp\/v2\/pages"}],"about":[{"href":"https:\/\/degrebe-project.eu\/hu\/wp-json\/wp\/v2\/types\/page"}],"author":[{"embeddable":true,"href":"https:\/\/degrebe-project.eu\/hu\/wp-json\/wp\/v2\/users\/1"}],"replies":[{"embeddable":true,"href":"https:\/\/degrebe-project.eu\/hu\/wp-json\/wp\/v2\/comments?post=2169"}],"version-history":[{"count":10,"href":"https:\/\/degrebe-project.eu\/hu\/wp-json\/wp\/v2\/pages\/2169\/revisions"}],"predecessor-version":[{"id":3028,"href":"https:\/\/degrebe-project.eu\/hu\/wp-json\/wp\/v2\/pages\/2169\/revisions\/3028"}],"wp:attachment":[{"href":"https:\/\/degrebe-project.eu\/hu\/wp-json\/wp\/v2\/media?parent=2169"}],"curies":[{"name":"wp","href":"https:\/\/api.w.org\/{rel}","templated":true}]}}