{"id":2143,"date":"2022-06-15T09:22:50","date_gmt":"2022-06-15T09:22:50","guid":{"rendered":"http:\/\/degrebe-project.eu\/trainers\/"},"modified":"2024-05-23T13:57:21","modified_gmt":"2024-05-23T13:57:21","slug":"trainers","status":"publish","type":"page","link":"https:\/\/degrebe-project.eu\/hu\/trainers\/","title":{"rendered":"K\u00e9pz\u0151k"},"content":{"rendered":"<h1>V\u00e1lj szakter\u00fcleted kiv\u00e1l\u00f3 szak\u00e9rt\u0151j\u00e9v\u00e9!<\/h1>\n<p><a href=\"http:\/\/degrebe-project.eu\/wp-content\/uploads\/2024\/05\/Trainers-Guide-Final-HU.pdf\"><img decoding=\"async\" src=\"\/wp-content\/uploads\/2022\/06\/bookshelf.png\" alt=\"\"><\/a><\/p>\n<div>\n<h3>Oktass!<\/h3>\n<div>\n<p>Fedezz fel \u00faj tan\u00edt\u00e1si m\u00f3dszereket k\u00e9zik\u00f6nyv\u00fcnk <a href=\"http:\/\/degrebe-project.eu\/wp-content\/uploads\/2024\/05\/Trainers-Guide-Final-HU.pdf\">seg\u00edts\u00e9g\u00e9vel<\/a><\/p>\n<\/div>\n<\/div>\n<p><img decoding=\"async\" src=\"\/wp-content\/uploads\/2022\/06\/rating.png\" alt=\"\"><\/p>\n<div>\n<h3>K\u00e9pezd magad!<\/h3>\n<div>\n<p>Tanulm\u00e1nyozd aj\u00e1nl\u00e1sainkat \u00faj oktat\u00e1si m\u00f3dszerekr\u0151l \u00e9s az e-learningr\u0151l.<\/p>\n<p>Formabont\u00f3 tan\u00edt\u00e1si m\u00f3dszerek, innovat\u00edv m\u00f3dszertan.<\/p>\n<\/div>\n<\/div>\n<p><!--more--><br \/>\n<!-- {\"type\":\"layout\",\"children\":[{\"type\":\"section\",\"props\":{\"style\":\"primary\",\"width\":\"default\",\"vertical_align\":\"middle\",\"title_position\":\"top-left\",\"title_rotation\":\"left\",\"title_breakpoint\":\"xl\",\"image_position\":\"center-center\"},\"children\":[{\"type\":\"row\",\"children\":[{\"type\":\"column\",\"props\":{\"position_sticky_breakpoint\":\"m\",\"image_position\":\"center-center\",\"media_overlay_gradient\":\"\"},\"children\":[{\"type\":\"headline\",\"props\":{\"title_element\":\"h1\",\"content\":\"V\\u00e1lj szakter\\u00fcleted kiv\\u00e1l\\u00f3 szak\\u00e9rt\\u0151j\\u00e9v\\u00e9!\",\"text_align\":\"center\",\"css\":\".el-element{\\ntext-shadow: 0 0 3px #FFCA47, 0 0 8px #FFCA47, 0 0 13px #FFCA47,2px 2px 7px rgba(206,89,55,0);\\ncolor: #fff6b5;\\nfont-weight: 900;\\nfont-family: sans-serif;\\n text-transform: uppercase;\\n}\\n\",\"title_style\":\"h3\"}}]}]},{\"type\":\"row\",\"props\":{\"layout\":\"1-4,1-4,1-4,1-4|1-2,1-2,1-2,1-2\"},\"children\":[{\"type\":\"column\",\"props\":{\"position_sticky_breakpoint\":\"m\",\"image_position\":\"center-center\",\"media_overlay_gradient\":\"\",\"width_medium\":\"1-4\",\"width_small\":\"1-2\"},\"children\":[{\"type\":\"image\",\"props\":{\"margin\":\"default\",\"image_svg_color\":\"emphasis\",\"image\":\"wp-content\\\/uploads\\\/2022\\\/06\\\/bookshelf.png\",\"link\":\"http:\\\/\\\/degrebe-project.eu\\\/wp-content\\\/uploads\\\/2024\\\/05\\\/Trainers-Guide-Final-HU.pdf\"}}]},{\"type\":\"column\",\"props\":{\"position_sticky_breakpoint\":\"m\",\"image_position\":\"center-center\",\"media_overlay_gradient\":\"\",\"width_medium\":\"1-4\",\"width_small\":\"1-2\"},\"children\":[{\"type\":\"panel\",\"props\":{\"link_text\":\"Read more\",\"title_hover_style\":\"reset\",\"title_element\":\"h3\",\"title_align\":\"top\",\"title_grid_width\":\"1-2\",\"title_grid_breakpoint\":\"m\",\"meta_style\":\"meta\",\"meta_align\":\"below-title\",\"meta_element\":\"div\",\"content_column_breakpoint\":\"m\",\"icon_width\":80,\"image_align\":\"top\",\"image_grid_width\":\"1-2\",\"image_grid_breakpoint\":\"m\",\"image_svg_color\":\"emphasis\",\"link_style\":\"default\",\"margin\":\"default\",\"title\":\"Oktass!\",\"content\":\"\n\n<p>Fedezz fel \\u00faj tan\\u00edt\\u00e1si m\\u00f3dszereket k\\u00e9zik\\u00f6nyv\\u00fcnk <a href=\\\"http:\\\/\\\/degrebe-project.eu\\\/wp-content\\\/uploads\\\/2024\\\/05\\\/Trainers-Guide-Final-HU.pdf\\\">seg\\u00edts\\u00e9g\\u00e9vel<\\\/a><\\\/p>\",\"css\":\".el-title{\\ntext-shadow: 0 0 3px #E880F0, 0 0 8px #E880F0, 0 0 13px #E880F0, 0 0 18px #E880F0, 0 0 27px #E880F0, 2px 2px 7px rgba(206,89,55,0);\\ncolor: #FBD8FE;\\nfont-weight: 900;\\nfont-family: sans-serif;\\n text-transform: uppercase;\\n}\\n\\n\\n.el-content{\\n\\tcolor: #fff;\\n    font-weight: 600;\\n}\"}}]},{\"type\":\"column\",\"props\":{\"position_sticky_breakpoint\":\"m\",\"image_position\":\"center-center\",\"media_overlay_gradient\":\"\",\"width_medium\":\"1-4\",\"width_small\":\"1-2\"},\"children\":[{\"type\":\"image\",\"props\":{\"margin\":\"default\",\"image_svg_color\":\"emphasis\",\"image\":\"wp-content\\\/uploads\\\/2022\\\/06\\\/rating.png\"}}]},{\"type\":\"column\",\"props\":{\"position_sticky_breakpoint\":\"m\",\"image_position\":\"center-center\",\"media_overlay_gradient\":\"\",\"width_medium\":\"1-4\",\"width_small\":\"1-2\"},\"children\":[{\"type\":\"panel\",\"props\":{\"link_text\":\"Read more\",\"title_hover_style\":\"reset\",\"title_element\":\"h3\",\"title_align\":\"top\",\"title_grid_width\":\"1-2\",\"title_grid_breakpoint\":\"m\",\"meta_style\":\"meta\",\"meta_align\":\"below-title\",\"meta_element\":\"div\",\"content_column_breakpoint\":\"m\",\"icon_width\":80,\"image_align\":\"top\",\"image_grid_width\":\"1-2\",\"image_grid_breakpoint\":\"m\",\"image_svg_color\":\"emphasis\",\"link_style\":\"default\",\"margin\":\"default\",\"title\":\"K\\u00e9pezd magad!\",\"content\":\"\n\n<p>Tanulm\\u00e1nyozd aj\\u00e1nl\\u00e1sainkat \\u00faj oktat\\u00e1si m\\u00f3dszerekr\\u0151l \\u00e9s az e-learningr\\u0151l.<\\\/p>\\n\n\n<p>Formabont\\u00f3 tan\\u00edt\\u00e1si m\\u00f3dszerek, innovat\\u00edv m\\u00f3dszertan.<\\\/p>\",\"css\":\".el-title{\\ntext-shadow: 0 0 3px #43FFAA, 0 0 8px #43FFAA, 0 0 13px #43FFAA, 0 0 18px #43FFAA, 0 0 27px #43FFAA, 2px 2px 7px rgba(206,89,55,0);\\ncolor: #B9FFDF;\\nfont-weight: 900;\\nfont-family: sans-serif;\\n text-transform: uppercase;\\n}\\n\\n.el-content{\\n\\tcolor: #fff;\\n    font-weight: 600;\\n}\"}}]}]}]}],\"version\":\"2.7.22\"} --><\/p>\n","protected":false},"excerpt":{"rendered":"<p>V\u00e1lj szakter\u00fcleted kiv\u00e1l\u00f3 szak\u00e9rt\u0151j\u00e9v\u00e9! Oktass! Fedezz fel \u00faj tan\u00edt\u00e1si m\u00f3dszereket k\u00e9zik\u00f6nyv\u00fcnk seg\u00edts\u00e9g\u00e9vel K\u00e9pezd magad! Tanulm\u00e1nyozd aj\u00e1nl\u00e1sainkat \u00faj oktat\u00e1si m\u00f3dszerekr\u0151l \u00e9s az e-learningr\u0151l. Formabont\u00f3 tan\u00edt\u00e1si m\u00f3dszerek, innovat\u00edv m\u00f3dszertan.<\/p>\n","protected":false},"author":1,"featured_media":0,"parent":0,"menu_order":0,"comment_status":"closed","ping_status":"closed","template":"","meta":[],"_links":{"self":[{"href":"https:\/\/degrebe-project.eu\/hu\/wp-json\/wp\/v2\/pages\/2143"}],"collection":[{"href":"https:\/\/degrebe-project.eu\/hu\/wp-json\/wp\/v2\/pages"}],"about":[{"href":"https:\/\/degrebe-project.eu\/hu\/wp-json\/wp\/v2\/types\/page"}],"author":[{"embeddable":true,"href":"https:\/\/degrebe-project.eu\/hu\/wp-json\/wp\/v2\/users\/1"}],"replies":[{"embeddable":true,"href":"https:\/\/degrebe-project.eu\/hu\/wp-json\/wp\/v2\/comments?post=2143"}],"version-history":[{"count":6,"href":"https:\/\/degrebe-project.eu\/hu\/wp-json\/wp\/v2\/pages\/2143\/revisions"}],"predecessor-version":[{"id":2861,"href":"https:\/\/degrebe-project.eu\/hu\/wp-json\/wp\/v2\/pages\/2143\/revisions\/2861"}],"wp:attachment":[{"href":"https:\/\/degrebe-project.eu\/hu\/wp-json\/wp\/v2\/media?parent=2143"}],"curies":[{"name":"wp","href":"https:\/\/api.w.org\/{rel}","templated":true}]}}