{"id":2081,"date":"2019-09-09T11:23:16","date_gmt":"2019-09-09T11:23:16","guid":{"rendered":"http:\/\/degrebe-project.eu\/about\/"},"modified":"2024-06-25T13:47:01","modified_gmt":"2024-06-25T13:47:01","slug":"about","status":"publish","type":"page","link":"https:\/\/degrebe-project.eu\/cs\/about\/","title":{"rendered":"O projektu"},"content":{"rendered":"<p><img decoding=\"async\" src=\"\/wp-content\/uploads\/2022\/06\/smart-city-e1655374311520.jpg\" alt=\"\"><br \/>\n<img decoding=\"async\" src=\"\/wp-content\/uploads\/2022\/06\/plant.png\" alt=\"\"><\/p>\n<h1>O projektu<\/h1>\n<div>\n<style>\n<p>   html {\n  scroll-behavior: smooth;\n}\n    .arrow\n{\n  position: relative;\n  bottom: -2rem;\n  left: 50%;\n  margin-left:-20px;\n  width: 40px;\n  height: 40px;\n  color: #892E92 !important;<\/p>\n<p>  \/**\n   * Dark Arrow Down\n   *\/\n  background-image: url(http:\/\/degrebe-project.eu\/wp-content\/uploads\/2022\/06\/down-arrow.png);\n  background-size: contain;\n}<\/p>\n<p>.bounce {\n  animation: bounce 2s infinite;\n}<\/p>\n<p>@keyframes bounce {\n  0%, 20%, 50%, 80%, 100% {\n    transform: translateY(0);\n  }\n  40% {\n    transform: translateY(-30px);\n  }\n  60% {\n    transform: translateY(-15px);\n  }\n}<\/p>\n<\/style>\n<p><a href=\"#about-degrebe\"><\/p>\n<div class=\"arrow bounce\"><\/div>\n<p><\/a>\n<\/div>\n<p><img decoding=\"async\" src=\"\/wp-content\/uploads\/2022\/06\/plant-r.png\" alt=\"\"><\/p>\n<div>\n<p>DEGREBE je projekt financovan\u00fd programem Erasmus+, jeho\u017e c\u00edlem je pomoci mlad\u00fdm odborn\u00edk\u016fm a student\u016fm v zem\u011bd\u011blsk\u00e9m sektoru rozv\u00edjet jejich ekologick\u00e9 a pr\u016f\u0159ezov\u00e9 dovednosti.<\/p>\n<\/p>\n<p class=\"special-font purple-text\"><span data-ccp-props=\"{}\"><strong>Pro\u010d jsme se rozhodli realizovat tento projekt?<\/strong> <\/span><\/p>\n<p><span data-contrast=\"none\">Enviroment\u00e1ln\u00ed z\u00e1le\u017eitosti ovliv\u0148uj\u00ed celou na\u0161i planetu a n\u011bkolik zaveden\u00fdch spole\u010dnost\u00ed ji\u017e zm\u011bnilo sv\u016fj pohled na ekologii, zat\u00edmco za\u010d\u00ednaj\u00edc\u00ed firmy z\u00edskaly v posledn\u00edm desetilet\u00ed velkou popularitu d\u00edky zav\u00e1d\u011bn\u00ed opat\u0159en\u00ed \u0161etrn\u00fdch k \u017eivotn\u00edmu prost\u0159ed\u00ed. D\u00edky t\u011bmto nov\u00fdm p\u0159\u00edstup\u016fm spole\u010dnosti hledaj\u00ed zam\u011bstnance s dovednostmi v oblasti ekologie. Proto je z\u00e1sadn\u00ed rozv\u00edjet zelen\u00e9 dovednosti pr\u00e1v\u011b u p\u0159\u00edslu\u0161n\u00edk\u016f generace Z, kte\u0159\u00ed teprve vstupuj\u00ed na trh pr\u00e1ce. Projekt se zab\u00fdv\u00e1 jedn\u00edm ze z\u00e1kladn\u00edch pil\u00ed\u0159\u016f tohoto paradigmatu. N\u00e1\u0161 projekt se d\u00e1le v\u011bnuje pot\u0159eb\u011b digit\u00e1ln\u00ed transformace, tedy vyu\u017eit\u00ed digit\u00e1ln\u00edch technologi\u00ed pro pedagogick\u00e9, administrativn\u00ed, technick\u00e9 a organiza\u010dn\u00ed zm\u011bny, co\u017e je pozoruhodn\u00fd aspekt zejm\u00e9na kv\u016fli pandemii COVID-19.<\/span><span data-ccp-props=\"{}\">\u00a0<\/span><\/p>\n<\/p>\n<p class=\"special-font purple-text\"><span data-ccp-props=\"{}\"><strong>\u010ceho chceme dos\u00e1hnout?<\/strong> <\/span><\/p>\n<p>Chceme poskytnout komplexn\u00ed znalosti o environment\u00e1ln\u00edch a klimatick\u00fdch v\u00fdzv\u00e1ch prost\u0159ednictv\u00edm rozvoje m\u011bkk\u00fdch dovednost\u00ed, kter\u00e9 mohou pomoci p\u0159i z\u00edsk\u00e1v\u00e1n\u00ed a posilov\u00e1n\u00ed zelen\u00fdch dovednost\u00ed, a to zejm\u00e9na proto, \u017ee tyto dovednosti se pro budouc\u00ed generace st\u00e1vaj\u00ed obzvl\u00e1\u0161t\u011b d\u016fle\u017eit\u00fdmi. Mnoho firem bude od sv\u00fdch zam\u011bstnanc\u016f vy\u017eadovat, aby byli schopni prok\u00e1zat znalosti t\u00fdkaj\u00edc\u00ed se t\u011bchto oblast\u00ed. V\u011b\u0159\u00edme, \u017ee d\u016fraz na zelen\u00e9 m\u011bkk\u00e9 dovednosti p\u0159iprav\u00ed budouc\u00ed uchaze\u010de na efektivn\u00ed sebeprezentaci na trhu pr\u00e1ce.<\/p>\n<\/p>\n<p class=\"special-font purple-text\"><span data-ccp-props=\"{}\"><strong>Jak\u00e9 jsou na\u0161e v\u00fdsledky?<\/strong> <\/span><\/p>\n<p>M\u00e1me v \u00famyslu vyvinout a realizovat:<\/p>\n<ul>\n<li><a href=\"http:\/\/degrebe-project.eu\/wp-content\/uploads\/2024\/06\/DEGREBE_Knowledge-bases.pdf\">digit\u00e1ln\u00ed vzd\u011bl\u00e1vac\u00ed bal\u00ed\u010dek<\/a> ve form\u011b online <a href=\"https:\/\/degrebee.trebag.hu\/cz\/decisiontree\/12\">interaktivn\u00ed hry<\/a> pro studenty a mlad\u00e9 odborn\u00edky.\u00a0<\/li>\n<li data-leveltext=\"\uf0b7\" data-font=\"Symbol\" data-listid=\"5\" data-list-defn-props=\"{&quot;335552541&quot;:1,&quot;335559684&quot;:-2,&quot;335559685&quot;:720,&quot;335559991&quot;:360,&quot;469769226&quot;:&quot;Symbol&quot;,&quot;469769242&quot;:[8226],&quot;469777803&quot;:&quot;left&quot;,&quot;469777804&quot;:&quot;\uf0b7&quot;,&quot;469777815&quot;:&quot;hybridMultilevel&quot;}\" aria-setsize=\"-1\" data-aria-posinset=\"2\" data-aria-level=\"1\"><a href=\"http:\/\/degrebe-project.eu\/wp-content\/uploads\/2024\/05\/Trainers-guide-final-CZ.pdf\">p\u0159\u00edru\u010dku<\/a> pro u\u010ditele a \u0161kolitele. P\u0159\u00edru\u010dka se bude zab\u00fdvat my\u0161lenkou gamifikace a t\u00edm, jak mohou u\u010ditel\u00e9 tuto metodiku aplikovat ve sv\u00e9 v\u00fduce.<\/li>\n<\/ul>\n<p class=\"special-font purple-text\"><span data-ccp-props=\"{}\"><strong>Co m\u016f\u017eeme \u0159\u00edct o na\u0161\u00ed h\u0159e?<\/strong> <\/span><\/p>\n<p><span data-contrast=\"none\">Zam\u011b\u0159\u00ed se na rozvoj m\u011bkk\u00fdch dovednost\u00ed, kter\u00e9 mohou p\u0159isp\u011bt k z\u00edsk\u00e1n\u00ed nejd\u016fle\u017eit\u011bj\u0161\u00edch zelen\u00fdch dovednost\u00ed. Bude vych\u00e1zet z r\u00e1mce postaven\u00e9ho na hlavn\u00edm p\u0159\u00edb\u011bhu a obsahovat p\u011bt r\u016fzn\u00fdch znalostn\u00edch okruh\u016f. Ka\u017ed\u00fd okruh bude m\u00edt syst\u00e9m hodnocen\u00ed, kter\u00fd pom\u016f\u017ee s vyhodnocen\u00edm z\u00edskan\u00fdch znalost\u00ed o nejd\u016fle\u017eit\u011bj\u0161\u00edch m\u011bkk\u00fdch dovednostech souvisej\u00edc\u00edch se zelen\u00fdmi dovednostmi. Krom\u011b toho bude struktura obsahovat rozhodovac\u00ed stromy, kter\u00e9 student\u016fm umo\u017en\u00ed zamyslet se nad t\u00edm, co se nau\u010dili, v\u00fdb\u011brem z n\u011bkolika mo\u017enost\u00ed, kter\u00e9 budou m\u00edt k dispozici. Tyto stromy budou ve vztahu k hlavn\u00edmu p\u0159\u00edb\u011bhu zabaleny do unik\u00e1tn\u00edho, gamifikovan\u00e9ho d\u011bje, kter\u00fd bude podobn\u00fd hern\u00edmu z\u00e1\u017eitku poskytovan\u00e9mu vizu\u00e1ln\u00edmi rom\u00e1ny. D\u011bj hotov\u00e9ho digit\u00e1ln\u00edho n\u00e1stroje bude vych\u00e1zet z re\u00e1ln\u00fdch sc\u00e9n\u00e1\u0159\u016f, situac\u00ed, p\u0159\u00edklad\u016f a v\u00fdzev t\u00fdkaj\u00edc\u00edch se ochrany \u017eivotn\u00edho prost\u0159ed\u00ed v zem\u011bd\u011blsk\u00e9m odv\u011btv\u00ed.<\/span><\/p>\n<p><span class=\"EOP SCXW73473538 BCX0\" data-ccp-props=\"{}\">\u017d\u00e1ci se budou moci sami rozhodnout, jak budou postupovat v p\u0159\u00edb\u011bhu, a z\u00e1rove\u0148 budou prozkoum\u00e1vat sv\u011bt DEGREBE a st\u00e1le v\u00edce se seznamovat s koncepty zelen\u00fdch a pr\u016f\u0159ezov\u00fdch dovednost\u00ed. <\/span><\/p>\n<\/div>\n<p><img decoding=\"async\" src=\"\/wp-content\/uploads\/2023\/10\/CS_Co-fundedbytheEU_RGB_POS.png\" alt=\"\"><\/p>\n<div>\n<p class=\"_04xlpA direction-ltr align-center para-style-body\"><span class=\"JsGRdQ\"><span data-contrast=\"auto\" xml:lang=\"CS-CZ\" lang=\"CS-CZ\" class=\"TextRun SCXW75337701 BCX0\"><span class=\"NormalTextRun SCXW75337701 BCX0\">Projekt DEGREBE \u010d.<\/span><\/span> 2021-1-HU01-KA220-VET-000024924 <span data-contrast=\"auto\" xml:lang=\"CS-CZ\" lang=\"CS-CZ\" class=\"TextRun SCXW94787024 BCX0\"><span class=\"NormalTextRun SCXW94787024 BCX0\">je spolufinancov\u00e1n programem Evropsk\u00e9 unie Erasmus+.<\/span><\/span><\/span><\/p>\n<p class=\"_04xlpA direction-ltr align-center para-style-body\"><span data-contrast=\"auto\" xml:lang=\"CS-CZ\" lang=\"CS-CZ\" class=\"TextRun SCXW113562400 BCX0\"><span class=\"NormalTextRun SCXW113562400 BCX0\">Tyto webov\u00e9 str\u00e1nky vyjad\u0159uj\u00ed pouze n\u00e1zory autora a Evropsk\u00e9. Komise nem\u016f\u017ee b\u00fdt \u010din\u011bna odpov\u011bdnou za jak\u00e9koli pou\u017eit\u00ed informac\u00ed, kter\u00e9 jsou v n\u00ed obsa\u017eeny.<\/span><\/span><span class=\"EOP SCXW113562400 BCX0\" data-ccp-props=\"{&quot;201341983&quot;:0,&quot;335559740&quot;:259}\">\u00a0<\/span><\/p>\n<\/div>\n<ul>\n<li><a href=\"https:\/\/www.instagram.com\/degrebe_project\/\">instagram<\/a>\n<\/li>\n<li><a href=\"https:\/\/www.facebook.com\/DEGREBE\">facebook<\/a>\n<\/li>\n<\/ul>\n<p><!--more--><br \/>\n<!-- {\"name\":\"About\",\"type\":\"layout\",\"children\":[{\"name\":\"Hero\",\"type\":\"section\",\"props\":{\"width\":\"\",\"padding\":\"small\",\"style\":\"default\",\"animation\":\"fade\",\"padding_remove_top\":false,\"image_position\":\"center-center\",\"vertical_align\":\"middle\",\"title_position\":\"top-left\",\"title_rotation\":\"left\",\"title_breakpoint\":\"xl\",\"image\":\"\",\"image_width\":\"1300\"},\"children\":[{\"type\":\"row\",\"children\":[{\"type\":\"column\",\"props\":{\"position_sticky_breakpoint\":\"m\",\"image_position\":\"center-center\",\"media_overlay_gradient\":\"\",\"position_sticky\":false},\"children\":[{\"type\":\"image\",\"props\":{\"margin\":\"default\",\"image_svg_color\":\"emphasis\",\"image\":\"wp-content\\\/uploads\\\/2022\\\/06\\\/smart-city-e1655374311520.jpg\"}}]}],\"props\":{\"column_gap\":\"collapse\"}},{\"name\":\"\",\"type\":\"row\",\"props\":{\"layout\":\"1-4,1-2,1-4\",\"vertical_align\":true,\"column_gap\":\"large\",\"row_gap\":\"large\"},\"children\":[{\"name\":\"\",\"type\":\"column\",\"props\":{\"image_position\":\"center-center\",\"vertical_align\":\"middle\",\"media_overlay_gradient\":\"\",\"width_medium\":\"1-4\",\"position_sticky_breakpoint\":\"m\"},\"children\":[{\"type\":\"image\",\"props\":{\"margin\":\"default\",\"image_svg_color\":\"emphasis\",\"image\":\"wp-content\\\/uploads\\\/2022\\\/06\\\/plant.png\"}}]},{\"type\":\"column\",\"props\":{\"position_sticky_breakpoint\":\"m\",\"image_position\":\"center-center\",\"media_overlay_gradient\":\"\",\"width_medium\":\"1-2\"},\"children\":[{\"type\":\"headline\",\"props\":{\"title_element\":\"h1\",\"content\":\"O projektu\",\"text_align\":\"center\",\"class\":\"special-font\",\"css\":\".el-element{\\n\\tfont-weight: 900;\\n    color:#892E92\\n}\"}},{\"type\":\"html\",\"props\":{\"content\":\"\n\n<style>\\n    \\n   html {\\n  scroll-behavior: smooth;\\n}\\n    .arrow\\n{\\n  position: relative;\\n  bottom: -2rem;\\n  left: 50%;\\n  margin-left:-20px;\\n  width: 40px;\\n  height: 40px;\\n  color: #892E92 !important;\\n\\n  \\\/**\\n   * Dark Arrow Down\\n   *\\\/\\n  background-image: url(http:\\\/\\\/degrebe-project.eu\\\/wp-content\\\/uploads\\\/2022\\\/06\\\/down-arrow.png);\\n  background-size: contain;\\n}\\n\\n.bounce {\\n  animation: bounce 2s infinite;\\n}\\n\\n@keyframes bounce {\\n  0%, 20%, 50%, 80%, 100% {\\n    transform: translateY(0);\\n  }\\n  40% {\\n    transform: translateY(-30px);\\n  }\\n  60% {\\n    transform: translateY(-15px);\\n  }\\n}\\n    \\n    \\n<\\\/style>\\n\\n<a href=\\\"#about-degrebe\\\">\n\n<div class=\\\"arrow bounce\\\"><\\\/div><\\\/a>\"}}]},{\"type\":\"column\",\"props\":{\"position_sticky_breakpoint\":\"m\",\"image_position\":\"center-center\",\"media_overlay_gradient\":\"\",\"width_medium\":\"1-4\"},\"children\":[{\"type\":\"image\",\"props\":{\"margin\":\"default\",\"image_svg_color\":\"emphasis\",\"image\":\"wp-content\\\/uploads\\\/2022\\\/06\\\/plant-r.png\",\"container_padding_remove\":false,\"css\":\"@media (min-width: 960px)\\n.uk-width-1-4\\\\@m {\\n    width: 1%;\\n}\",\"position\":\"absolute\",\"position_right\":\"0\"}}]}]}]},{\"name\":\"Section\",\"type\":\"section\",\"props\":{\"style\":\"default\",\"width\":\"large\",\"vertical_align\":\"middle\",\"title_position\":\"top-left\",\"title_rotation\":\"left\",\"title_breakpoint\":\"xl\",\"image_position\":\"center-center\",\"animation\":\"fade\",\"animation_delay\":\"200\",\"id\":\"about-degrebe\"},\"children\":[{\"type\":\"row\",\"children\":[{\"type\":\"column\",\"props\":{\"position_sticky_breakpoint\":\"m\",\"image_position\":\"center-center\",\"media_overlay_gradient\":\"\"},\"children\":[{\"type\":\"text\",\"props\":{\"margin\":\"default\",\"column_breakpoint\":\"m\",\"content\":\"\n\n<p>DEGREBE je projekt financovan\\u00fd programem Erasmus+, jeho\\u017e c\\u00edlem je pomoci mlad\\u00fdm odborn\\u00edk\\u016fm a student\\u016fm v zem\\u011bd\\u011blsk\\u00e9m sektoru rozv\\u00edjet jejich ekologick\\u00e9 a pr\\u016f\\u0159ezov\\u00e9 dovednosti.<\\\/p>\\n\n\n<p><\\\/p>\\n\n\n<p class=\\\"special-font purple-text\\\"><span data-ccp-props=\\\"{}\\\"><strong>Pro\\u010d jsme se rozhodli realizovat tento projekt?<\\\/strong> <\\\/span><\\\/p>\\n\n\n<p><span data-contrast=\\\"none\\\">Enviroment\\u00e1ln\\u00ed z\\u00e1le\\u017eitosti ovliv\\u0148uj\\u00ed celou na\\u0161i planetu a n\\u011bkolik zaveden\\u00fdch spole\\u010dnost\\u00ed ji\\u017e zm\\u011bnilo sv\\u016fj pohled na ekologii, zat\\u00edmco za\\u010d\\u00ednaj\\u00edc\\u00ed firmy z\\u00edskaly v posledn\\u00edm desetilet\\u00ed velkou popularitu d\\u00edky zav\\u00e1d\\u011bn\\u00ed opat\\u0159en\\u00ed \\u0161etrn\\u00fdch k \\u017eivotn\\u00edmu prost\\u0159ed\\u00ed. D\\u00edky t\\u011bmto nov\\u00fdm p\\u0159\\u00edstup\\u016fm spole\\u010dnosti hledaj\\u00ed zam\\u011bstnance s dovednostmi v oblasti ekologie. Proto je z\\u00e1sadn\\u00ed rozv\\u00edjet zelen\\u00e9 dovednosti pr\\u00e1v\\u011b u p\\u0159\\u00edslu\\u0161n\\u00edk\\u016f generace Z, kte\\u0159\\u00ed teprve vstupuj\\u00ed na trh pr\\u00e1ce. Projekt se zab\\u00fdv\\u00e1 jedn\\u00edm ze z\\u00e1kladn\\u00edch pil\\u00ed\\u0159\\u016f tohoto paradigmatu. N\\u00e1\\u0161 projekt se d\\u00e1le v\\u011bnuje pot\\u0159eb\\u011b digit\\u00e1ln\\u00ed transformace, tedy vyu\\u017eit\\u00ed digit\\u00e1ln\\u00edch technologi\\u00ed pro pedagogick\\u00e9, administrativn\\u00ed, technick\\u00e9 a organiza\\u010dn\\u00ed zm\\u011bny, co\\u017e je pozoruhodn\\u00fd aspekt zejm\\u00e9na kv\\u016fli pandemii COVID-19.<\\\/span><span data-ccp-props=\\\"{}\\\">\\u00a0<\\\/span><\\\/p>\\n\n\n<p><\\\/p>\\n\n\n<p class=\\\"special-font purple-text\\\"><span data-ccp-props=\\\"{}\\\"><strong>\\u010ceho chceme dos\\u00e1hnout?<\\\/strong> <\\\/span><\\\/p>\\n\n\n<p>Chceme poskytnout komplexn\\u00ed znalosti o environment\\u00e1ln\\u00edch a klimatick\\u00fdch v\\u00fdzv\\u00e1ch prost\\u0159ednictv\\u00edm rozvoje m\\u011bkk\\u00fdch dovednost\\u00ed, kter\\u00e9 mohou pomoci p\\u0159i z\\u00edsk\\u00e1v\\u00e1n\\u00ed a posilov\\u00e1n\\u00ed zelen\\u00fdch dovednost\\u00ed, a to zejm\\u00e9na proto, \\u017ee tyto dovednosti se pro budouc\\u00ed generace st\\u00e1vaj\\u00ed obzvl\\u00e1\\u0161t\\u011b d\\u016fle\\u017eit\\u00fdmi. Mnoho firem bude od sv\\u00fdch zam\\u011bstnanc\\u016f vy\\u017eadovat, aby byli schopni prok\\u00e1zat znalosti t\\u00fdkaj\\u00edc\\u00ed se t\\u011bchto oblast\\u00ed. V\\u011b\\u0159\\u00edme, \\u017ee d\\u016fraz na zelen\\u00e9 m\\u011bkk\\u00e9 dovednosti p\\u0159iprav\\u00ed budouc\\u00ed uchaze\\u010de na efektivn\\u00ed sebeprezentaci na trhu pr\\u00e1ce.<\\\/p>\\n\n\n<p><\\\/p>\\n\n\n<p class=\\\"special-font purple-text\\\"><span data-ccp-props=\\\"{}\\\"><strong>Jak\\u00e9 jsou na\\u0161e v\\u00fdsledky?<\\\/strong> <\\\/span><\\\/p>\\n\n\n<p>M\\u00e1me v \\u00famyslu vyvinout a realizovat:<\\\/p>\\n\n\n<ul>\\n\n\n<li><a href=\\\"http:\\\/\\\/degrebe-project.eu\\\/wp-content\\\/uploads\\\/2024\\\/06\\\/DEGREBE_Knowledge-bases.pdf\\\">digit\\u00e1ln\\u00ed vzd\\u011bl\\u00e1vac\\u00ed bal\\u00ed\\u010dek<\\\/a> ve form\\u011b online <a href=\\\"https:\\\/\\\/degrebee.trebag.hu\\\/cz\\\/decisiontree\\\/12\\\">interaktivn\\u00ed hry<\\\/a> pro studenty a mlad\\u00e9 odborn\\u00edky.\\u00a0<\\\/li>\\n\n\n<li data-leveltext=\\\"\\uf0b7\\\" data-font=\\\"Symbol\\\" data-listid=\\\"5\\\" data-list-defn-props=\\\"{&quot;335552541&quot;:1,&quot;335559684&quot;:-2,&quot;335559685&quot;:720,&quot;335559991&quot;:360,&quot;469769226&quot;:&quot;Symbol&quot;,&quot;469769242&quot;:[8226],&quot;469777803&quot;:&quot;left&quot;,&quot;469777804&quot;:&quot;\\uf0b7&quot;,&quot;469777815&quot;:&quot;hybridMultilevel&quot;}\\\" aria-setsize=\\\"-1\\\" data-aria-posinset=\\\"2\\\" data-aria-level=\\\"1\\\"><a href=\\\"http:\\\/\\\/degrebe-project.eu\\\/wp-content\\\/uploads\\\/2024\\\/05\\\/Trainers-guide-final-CZ.pdf\\\">p\\u0159\\u00edru\\u010dku<\\\/a> pro u\\u010ditele a \\u0161kolitele. P\\u0159\\u00edru\\u010dka se bude zab\\u00fdvat my\\u0161lenkou gamifikace a t\\u00edm, jak mohou u\\u010ditel\\u00e9 tuto metodiku aplikovat ve sv\\u00e9 v\\u00fduce.<\\\/li>\\n<\\\/ul>\\n\n\n<p><\\\/p>\\n\n\n<p class=\\\"special-font purple-text\\\"><span data-ccp-props=\\\"{}\\\"><strong>Co m\\u016f\\u017eeme \\u0159\\u00edct o na\\u0161\\u00ed h\\u0159e?<\\\/strong> <\\\/span><\\\/p>\\n\n\n<p><span data-contrast=\\\"none\\\">Zam\\u011b\\u0159\\u00ed se na rozvoj m\\u011bkk\\u00fdch dovednost\\u00ed, kter\\u00e9 mohou p\\u0159isp\\u011bt k z\\u00edsk\\u00e1n\\u00ed nejd\\u016fle\\u017eit\\u011bj\\u0161\\u00edch zelen\\u00fdch dovednost\\u00ed. Bude vych\\u00e1zet z r\\u00e1mce postaven\\u00e9ho na hlavn\\u00edm p\\u0159\\u00edb\\u011bhu a obsahovat p\\u011bt r\\u016fzn\\u00fdch znalostn\\u00edch okruh\\u016f. Ka\\u017ed\\u00fd okruh bude m\\u00edt syst\\u00e9m hodnocen\\u00ed, kter\\u00fd pom\\u016f\\u017ee s vyhodnocen\\u00edm z\\u00edskan\\u00fdch znalost\\u00ed o nejd\\u016fle\\u017eit\\u011bj\\u0161\\u00edch m\\u011bkk\\u00fdch dovednostech souvisej\\u00edc\\u00edch se zelen\\u00fdmi dovednostmi. Krom\\u011b toho bude struktura obsahovat rozhodovac\\u00ed stromy, kter\\u00e9 student\\u016fm umo\\u017en\\u00ed zamyslet se nad t\\u00edm, co se nau\\u010dili, v\\u00fdb\\u011brem z n\\u011bkolika mo\\u017enost\\u00ed, kter\\u00e9 budou m\\u00edt k dispozici. Tyto stromy budou ve vztahu k hlavn\\u00edmu p\\u0159\\u00edb\\u011bhu zabaleny do unik\\u00e1tn\\u00edho, gamifikovan\\u00e9ho d\\u011bje, kter\\u00fd bude podobn\\u00fd hern\\u00edmu z\\u00e1\\u017eitku poskytovan\\u00e9mu vizu\\u00e1ln\\u00edmi rom\\u00e1ny. D\\u011bj hotov\\u00e9ho digit\\u00e1ln\\u00edho n\\u00e1stroje bude vych\\u00e1zet z re\\u00e1ln\\u00fdch sc\\u00e9n\\u00e1\\u0159\\u016f, situac\\u00ed, p\\u0159\\u00edklad\\u016f a v\\u00fdzev t\\u00fdkaj\\u00edc\\u00edch se ochrany \\u017eivotn\\u00edho prost\\u0159ed\\u00ed v zem\\u011bd\\u011blsk\\u00e9m odv\\u011btv\\u00ed.<\\\/span><\\\/p>\\n\n\n<p><span class=\\\"EOP SCXW73473538 BCX0\\\" data-ccp-props=\\\"{}\\\">\\u017d\\u00e1ci se budou moci sami rozhodnout, jak budou postupovat v p\\u0159\\u00edb\\u011bhu, a z\\u00e1rove\\u0148 budou prozkoum\\u00e1vat sv\\u011bt DEGREBE a st\\u00e1le v\\u00edce se seznamovat s koncepty zelen\\u00fdch a pr\\u016f\\u0159ezov\\u00fdch dovednost\\u00ed. <\\\/span><\\\/p>\",\"text_color\":\"emphasis\",\"css\":\".el-element b{\\n\\tfont-size: 20px;\\n}\"}}]}]}]},{\"name\":\"footer_cz\",\"type\":\"section\",\"props\":{\"style\":\"default\",\"width\":\"large\",\"vertical_align\":\"middle\",\"title_position\":\"top-left\",\"title_rotation\":\"left\",\"title_breakpoint\":\"xl\",\"image_position\":\"center-center\",\"css\":\".el-section{\\n\\tbackground-color: #f6f6f6;\\n}\"},\"children\":[{\"name\":\"\",\"type\":\"row\",\"props\":{\"layout\":\"1-3,1-3,1-3\",\"match\":true},\"children\":[{\"name\":\"\",\"type\":\"column\",\"props\":{\"image_position\":\"center-center\",\"media_overlay_gradient\":\"\",\"width_medium\":\"1-3\",\"position_sticky_breakpoint\":\"m\",\"vertical_align\":\"middle\"},\"children\":[{\"type\":\"image\",\"props\":{\"margin\":\"default\",\"image_svg_color\":\"emphasis\",\"image\":\"wp-content\\\/uploads\\\/2023\\\/10\\\/CS_Co-fundedbytheEU_RGB_POS.png\"}}]},{\"name\":\"\",\"type\":\"column\",\"props\":{\"image_position\":\"center-center\",\"media_overlay_gradient\":\"\",\"width_medium\":\"1-3\",\"position_sticky_breakpoint\":\"m\"},\"children\":[{\"type\":\"text\",\"props\":{\"margin\":\"default\",\"column_breakpoint\":\"m\",\"content\":\"\n\n<p class=\\\"_04xlpA direction-ltr align-center para-style-body\\\"><span class=\\\"JsGRdQ\\\"><span data-contrast=\\\"auto\\\" xml:lang=\\\"CS-CZ\\\" lang=\\\"CS-CZ\\\" class=\\\"TextRun SCXW75337701 BCX0\\\"><span class=\\\"NormalTextRun SCXW75337701 BCX0\\\">Projekt DEGREBE \\u010d.<\\\/span><\\\/span> 2021-1-HU01-KA220-VET-000024924 <span data-contrast=\\\"auto\\\" xml:lang=\\\"CS-CZ\\\" lang=\\\"CS-CZ\\\" class=\\\"TextRun SCXW94787024 BCX0\\\"><span class=\\\"NormalTextRun SCXW94787024 BCX0\\\">je spolufinancov\\u00e1n programem Evropsk\\u00e9 unie Erasmus+.<\\\/span><\\\/span><\\\/span><\\\/p>\\n\n\n<p class=\\\"_04xlpA direction-ltr align-center para-style-body\\\"><span data-contrast=\\\"auto\\\" xml:lang=\\\"CS-CZ\\\" lang=\\\"CS-CZ\\\" class=\\\"TextRun SCXW113562400 BCX0\\\"><span class=\\\"NormalTextRun SCXW113562400 BCX0\\\">Tyto webov\\u00e9 str\\u00e1nky vyjad\\u0159uj\\u00ed pouze n\\u00e1zory autora a Evropsk\\u00e9. Komise nem\\u016f\\u017ee b\\u00fdt \\u010din\\u011bna odpov\\u011bdnou za jak\\u00e9koli pou\\u017eit\\u00ed informac\\u00ed, kter\\u00e9 jsou v n\\u00ed obsa\\u017eeny.<\\\/span><\\\/span><span class=\\\"EOP SCXW113562400 BCX0\\\" data-ccp-props=\\\"{&quot;201341983&quot;:0,&quot;335559740&quot;:259}\\\">\\u00a0<\\\/span><\\\/p>\",\"text_align\":\"center\",\"text_color\":\"emphasis\",\"class\":\"\",\"css\":\".el-element p{\\n\\tcolor: #892E92;\\n    font-weight: 600;\\n}\"}}]},{\"name\":\"\",\"type\":\"column\",\"props\":{\"image_position\":\"center-center\",\"media_overlay_gradient\":\"\",\"width_medium\":\"1-3\",\"position_sticky_breakpoint\":\"m\",\"vertical_align\":\"middle\"},\"children\":[{\"type\":\"social\",\"props\":{\"link_style\":\"\",\"grid\":\"horizontal\",\"grid_gap\":\"small\",\"margin\":\"default\",\"icon_width\":\"40px\",\"text_align\":\"center\"},\"children\":[{\"type\":\"social_item\",\"props\":{\"link\":\"https:\\\/\\\/www.instagram.com\\\/degrebe_project\\\/\",\"status\":\"\"}},{\"type\":\"social_item\",\"props\":{\"link\":\"https:\\\/\\\/www.facebook.com\\\/DEGREBE\"}}]}]}]}]}],\"version\":\"2.7.22\"} --><\/p>\n","protected":false},"excerpt":{"rendered":"<p>O projektu DEGREBE je projekt financovan\u00fd programem Erasmus+, jeho\u017e c\u00edlem je pomoci mlad\u00fdm odborn\u00edk\u016fm a student\u016fm v zem\u011bd\u011blsk\u00e9m sektoru rozv\u00edjet jejich ekologick\u00e9 a pr\u016f\u0159ezov\u00e9 dovednosti. Pro\u010d jsme se rozhodli realizovat tento projekt? Enviroment\u00e1ln\u00ed z\u00e1le\u017eitosti ovliv\u0148uj\u00ed celou na\u0161i planetu a n\u011bkolik zaveden\u00fdch spole\u010dnost\u00ed ji\u017e zm\u011bnilo sv\u016fj pohled na ekologii, zat\u00edmco za\u010d\u00ednaj\u00edc\u00ed firmy z\u00edskaly v posledn\u00edm desetilet\u00ed [&hellip;]<\/p>\n","protected":false},"author":1,"featured_media":0,"parent":0,"menu_order":4,"comment_status":"open","ping_status":"open","template":"","meta":[],"_links":{"self":[{"href":"https:\/\/degrebe-project.eu\/cs\/wp-json\/wp\/v2\/pages\/2081"}],"collection":[{"href":"https:\/\/degrebe-project.eu\/cs\/wp-json\/wp\/v2\/pages"}],"about":[{"href":"https:\/\/degrebe-project.eu\/cs\/wp-json\/wp\/v2\/types\/page"}],"author":[{"embeddable":true,"href":"https:\/\/degrebe-project.eu\/cs\/wp-json\/wp\/v2\/users\/1"}],"replies":[{"embeddable":true,"href":"https:\/\/degrebe-project.eu\/cs\/wp-json\/wp\/v2\/comments?post=2081"}],"version-history":[{"count":9,"href":"https:\/\/degrebe-project.eu\/cs\/wp-json\/wp\/v2\/pages\/2081\/revisions"}],"predecessor-version":[{"id":3027,"href":"https:\/\/degrebe-project.eu\/cs\/wp-json\/wp\/v2\/pages\/2081\/revisions\/3027"}],"wp:attachment":[{"href":"https:\/\/degrebe-project.eu\/cs\/wp-json\/wp\/v2\/media?parent=2081"}],"curies":[{"name":"wp","href":"https:\/\/api.w.org\/{rel}","templated":true}]}}