{"id":2054,"date":"2022-06-15T09:22:50","date_gmt":"2022-06-15T09:22:50","guid":{"rendered":"http:\/\/degrebe-project.eu\/trainers\/"},"modified":"2024-05-23T13:56:26","modified_gmt":"2024-05-23T13:56:26","slug":"trainers","status":"publish","type":"page","link":"https:\/\/degrebe-project.eu\/cs\/trainers\/","title":{"rendered":"\u0160kolitel\u00e9"},"content":{"rendered":"<h1><strong>Sta\u0148te se vynikaj\u00edc\u00edm odborn\u00edkem ve sv\u00e9m oboru<\/strong><\/h1>\n<p><a href=\"http:\/\/degrebe-project.eu\/wp-content\/uploads\/2024\/05\/Trainers-guide-final-CZ.pdf\"><img decoding=\"async\" src=\"\/wp-content\/uploads\/2022\/06\/bookshelf.png\" alt=\"\"><\/a><\/p>\n<div>\n<h3>VZD\u011aL\u00c1VEJTE SE<\/h3>\n<div>\n<p>Objevte inovativn\u00ed p\u0159\u00edstupy k v\u00fduce prost\u0159ednictv\u00edm na\u0161eho <a href=\"http:\/\/degrebe-project.eu\/wp-content\/uploads\/2024\/05\/Trainers-guide-final-CZ.pdf\">pr\u016fvodce<\/a><\/p>\n<\/div>\n<\/div>\n<p><img decoding=\"async\" src=\"\/wp-content\/uploads\/2022\/06\/rating.png\" alt=\"\"><\/p>\n<div>\n<h3>ZLEP\u0160UJTE SE<\/h3>\n<div>\n<p>P\u0159e\u010dt\u011bte si na\u0161e doporu\u010den\u00ed t\u00fdkaj\u00edc\u00ed se nov\u00fdch vzd\u011bl\u00e1vac\u00edch metod a e-learningu.<\/p>\n<p>Netradi\u010dn\u00ed p\u0159\u00edstupy k v\u00fduce a inovativn\u00ed metodiky.<\/p>\n<\/div>\n<\/div>\n<p><!--more--><br \/>\n<!-- {\"type\":\"layout\",\"children\":[{\"type\":\"section\",\"props\":{\"style\":\"primary\",\"width\":\"default\",\"vertical_align\":\"middle\",\"title_position\":\"top-left\",\"title_rotation\":\"left\",\"title_breakpoint\":\"xl\",\"image_position\":\"center-center\"},\"children\":[{\"type\":\"row\",\"children\":[{\"type\":\"column\",\"props\":{\"position_sticky_breakpoint\":\"m\",\"image_position\":\"center-center\",\"media_overlay_gradient\":\"\"},\"children\":[{\"type\":\"headline\",\"props\":{\"title_element\":\"h1\",\"content\":\"<strong>Sta\\u0148te se vynikaj\\u00edc\\u00edm odborn\\u00edkem ve sv\\u00e9m oboru<\\\/strong>\",\"text_align\":\"center\",\"css\":\".el-element{\\ntext-shadow: 0 0 3px #FFCA47, 0 0 8px #FFCA47, 0 0 13px #FFCA47,2px 2px 7px rgba(206,89,55,0);\\ncolor: #fff6b5;\\nfont-weight: 900;\\nfont-family: sans-serif;\\n text-transform: uppercase;\\n}\\n\",\"title_style\":\"h3\"}}]}]},{\"type\":\"row\",\"props\":{\"layout\":\"1-4,1-4,1-4,1-4|1-2,1-2,1-2,1-2\"},\"children\":[{\"type\":\"column\",\"props\":{\"position_sticky_breakpoint\":\"m\",\"image_position\":\"center-center\",\"media_overlay_gradient\":\"\",\"width_medium\":\"1-4\",\"width_small\":\"1-2\"},\"children\":[{\"type\":\"image\",\"props\":{\"margin\":\"default\",\"image_svg_color\":\"emphasis\",\"image\":\"wp-content\\\/uploads\\\/2022\\\/06\\\/bookshelf.png\",\"link\":\"http:\\\/\\\/degrebe-project.eu\\\/wp-content\\\/uploads\\\/2024\\\/05\\\/Trainers-guide-final-CZ.pdf\"}}]},{\"type\":\"column\",\"props\":{\"position_sticky_breakpoint\":\"m\",\"image_position\":\"center-center\",\"media_overlay_gradient\":\"\",\"width_medium\":\"1-4\",\"width_small\":\"1-2\"},\"children\":[{\"type\":\"panel\",\"props\":{\"link_text\":\"Read more\",\"title_hover_style\":\"reset\",\"title_element\":\"h3\",\"title_align\":\"top\",\"title_grid_width\":\"1-2\",\"title_grid_breakpoint\":\"m\",\"meta_style\":\"meta\",\"meta_align\":\"below-title\",\"meta_element\":\"div\",\"content_column_breakpoint\":\"m\",\"icon_width\":80,\"image_align\":\"top\",\"image_grid_width\":\"1-2\",\"image_grid_breakpoint\":\"m\",\"image_svg_color\":\"emphasis\",\"link_style\":\"default\",\"margin\":\"default\",\"title\":\"VZD\\u011aL\\u00c1VEJTE SE\",\"content\":\"\n\n<p>Objevte inovativn\\u00ed p\\u0159\\u00edstupy k v\\u00fduce prost\\u0159ednictv\\u00edm na\\u0161eho <a href=\\\"http:\\\/\\\/degrebe-project.eu\\\/wp-content\\\/uploads\\\/2024\\\/05\\\/Trainers-guide-final-CZ.pdf\\\">pr\\u016fvodce<\\\/a><\\\/p>\",\"css\":\".el-title{\\ntext-shadow: 0 0 3px #E880F0, 0 0 8px #E880F0, 0 0 13px #E880F0, 0 0 18px #E880F0, 0 0 27px #E880F0, 2px 2px 7px rgba(206,89,55,0);\\ncolor: #FBD8FE;\\nfont-weight: 900;\\nfont-family: sans-serif;\\n text-transform: uppercase;\\n}\\n\\n\\n.el-content{\\n\\tcolor: #fff;\\n    font-weight: 600;\\n}\"}}]},{\"type\":\"column\",\"props\":{\"position_sticky_breakpoint\":\"m\",\"image_position\":\"center-center\",\"media_overlay_gradient\":\"\",\"width_medium\":\"1-4\",\"width_small\":\"1-2\"},\"children\":[{\"type\":\"image\",\"props\":{\"margin\":\"default\",\"image_svg_color\":\"emphasis\",\"image\":\"wp-content\\\/uploads\\\/2022\\\/06\\\/rating.png\"}}]},{\"type\":\"column\",\"props\":{\"position_sticky_breakpoint\":\"m\",\"image_position\":\"center-center\",\"media_overlay_gradient\":\"\",\"width_medium\":\"1-4\",\"width_small\":\"1-2\"},\"children\":[{\"type\":\"panel\",\"props\":{\"link_text\":\"Read more\",\"title_hover_style\":\"reset\",\"title_element\":\"h3\",\"title_align\":\"top\",\"title_grid_width\":\"1-2\",\"title_grid_breakpoint\":\"m\",\"meta_style\":\"meta\",\"meta_align\":\"below-title\",\"meta_element\":\"div\",\"content_column_breakpoint\":\"m\",\"icon_width\":80,\"image_align\":\"top\",\"image_grid_width\":\"1-2\",\"image_grid_breakpoint\":\"m\",\"image_svg_color\":\"emphasis\",\"link_style\":\"default\",\"margin\":\"default\",\"title\":\"ZLEP\\u0160UJTE SE\",\"content\":\"\n\n<p>P\\u0159e\\u010dt\\u011bte si na\\u0161e doporu\\u010den\\u00ed t\\u00fdkaj\\u00edc\\u00ed se nov\\u00fdch vzd\\u011bl\\u00e1vac\\u00edch metod a e-learningu.<\\\/p>\\n\n\n<p>Netradi\\u010dn\\u00ed p\\u0159\\u00edstupy k v\\u00fduce a inovativn\\u00ed metodiky.<\\\/p>\",\"css\":\".el-title{\\ntext-shadow: 0 0 3px #43FFAA, 0 0 8px #43FFAA, 0 0 13px #43FFAA, 0 0 18px #43FFAA, 0 0 27px #43FFAA, 2px 2px 7px rgba(206,89,55,0);\\ncolor: #B9FFDF;\\nfont-weight: 900;\\nfont-family: sans-serif;\\n text-transform: uppercase;\\n}\\n\\n.el-content{\\n\\tcolor: #fff;\\n    font-weight: 600;\\n}\"}}]}]}]}],\"version\":\"2.7.22\"} --><\/p>\n","protected":false},"excerpt":{"rendered":"<p>Sta\u0148te se vynikaj\u00edc\u00edm odborn\u00edkem ve sv\u00e9m oboru VZD\u011aL\u00c1VEJTE SE Objevte inovativn\u00ed p\u0159\u00edstupy k v\u00fduce prost\u0159ednictv\u00edm na\u0161eho pr\u016fvodce ZLEP\u0160UJTE SE P\u0159e\u010dt\u011bte si na\u0161e doporu\u010den\u00ed t\u00fdkaj\u00edc\u00ed se nov\u00fdch vzd\u011bl\u00e1vac\u00edch metod a e-learningu. Netradi\u010dn\u00ed p\u0159\u00edstupy k v\u00fduce a inovativn\u00ed metodiky.<\/p>\n","protected":false},"author":1,"featured_media":0,"parent":0,"menu_order":0,"comment_status":"closed","ping_status":"closed","template":"","meta":[],"_links":{"self":[{"href":"https:\/\/degrebe-project.eu\/cs\/wp-json\/wp\/v2\/pages\/2054"}],"collection":[{"href":"https:\/\/degrebe-project.eu\/cs\/wp-json\/wp\/v2\/pages"}],"about":[{"href":"https:\/\/degrebe-project.eu\/cs\/wp-json\/wp\/v2\/types\/page"}],"author":[{"embeddable":true,"href":"https:\/\/degrebe-project.eu\/cs\/wp-json\/wp\/v2\/users\/1"}],"replies":[{"embeddable":true,"href":"https:\/\/degrebe-project.eu\/cs\/wp-json\/wp\/v2\/comments?post=2054"}],"version-history":[{"count":6,"href":"https:\/\/degrebe-project.eu\/cs\/wp-json\/wp\/v2\/pages\/2054\/revisions"}],"predecessor-version":[{"id":2860,"href":"https:\/\/degrebe-project.eu\/cs\/wp-json\/wp\/v2\/pages\/2054\/revisions\/2860"}],"wp:attachment":[{"href":"https:\/\/degrebe-project.eu\/cs\/wp-json\/wp\/v2\/media?parent=2054"}],"curies":[{"name":"wp","href":"https:\/\/api.w.org\/{rel}","templated":true}]}}