{"id":2130,"date":"2022-06-15T09:22:26","date_gmt":"2022-06-15T09:22:26","guid":{"rendered":"http:\/\/degrebe-project.eu\/future-specialists\/"},"modified":"2024-05-23T13:47:39","modified_gmt":"2024-05-23T13:47:39","slug":"future-specialists","status":"publish","type":"page","link":"http:\/\/degrebe-project.eu\/hu\/future-specialists\/","title":{"rendered":"A j\u00f6v\u0151 szakemberei"},"content":{"rendered":"<h1>K\u00e9sz\u00fclj fel egy z\u00f6ldebb j\u00f6v\u0151re<\/h1>\n<p><a href=\"https:\/\/degrebee.trebag.hu\/hu\"><img decoding=\"async\" src=\"\/wp-content\/uploads\/2022\/06\/game_controller.png\" alt=\"\"><\/a><\/p>\n<div>\n<h3>J\u00e1tssz!<\/h3>\n<div>\n<p>M\u00e9ly\u00edtsd el a tud\u00e1sodat visual novel form\u00e1ban fejlesztett j\u00e1t\u00e9kunkkal!<\/p>\n<\/div>\n<\/div>\n<p><img decoding=\"async\" src=\"\/wp-content\/uploads\/2022\/06\/textbook.png\" alt=\"\"><\/p>\n<div>\n<h3>Tanulj!<\/h3>\n<div>\n<p>Szerezz \u00faj tud\u00e1st tananyagaink haszn\u00e1lat\u00e1val!<\/p>\n<\/div>\n<\/div>\n<p><img decoding=\"async\" src=\"\/wp-content\/uploads\/2022\/06\/Video.png\" alt=\"\"><\/p>\n<div>\n<h3>N\u00e9zd meg!<\/h3>\n<div>\n<p>V\u00e1lj j\u00e1rtass\u00e1 a t\u00e9m\u00e1ban vide\u00f3kat n\u00e9zve!<\/p>\n<\/div>\n<\/div>\n<h1>\n<p>Tanulj!<\/p>\n<\/h1>\n<div>\n<p>Itt tal\u00e1sz friss anyagokat \u00e9s inform\u00e1ci\u00f3kat az \u00f6n\u00e1ll\u00f3 tanul\u00e1shoz:<\/p>\n<ul>\n<li>\n<p><a href=\"https:\/\/www.ilo.org\/global\/topics\/green-jobs\/events-training\/lang--en\/index.htm\">ILO K\u00e9pz\u00e9sek z\u00f6ld \u00e1ll\u00e1sokhoz<\/a><\/p>\n<\/li>\n<\/ul>\n<ul>\n<li>\n<p><a href=\"https:\/\/course.greenskills.co.za\/\">z\u00f6ld k\u00e9szs\u00e9gek<\/a><b>, a project of the Rhodes University Environmental Learning Centre<\/b><\/p>\n<\/li>\n<\/ul>\n<ul>\n<li>Itt tal\u00e1lsz tov\u00e1bbi publik\u00e1ci\u00f3kat a z\u00f6ld k\u00e9szs\u00e9gekr\u0151l:<\/li>\n<\/ul>\n<ul>\n<li>\n<p><a href=\"https:\/\/www.cedefop.europa.eu\/en\/projects\/skills-and-jobs-green-transition\/publications\">CEDEFOP k\u00e9szs\u00e9gek \u00e9s \u00e1ll\u00e1sok a z\u00f6ld \u00e1talakul\u00e1s\u00e9rt<\/a><\/p>\n<\/li>\n<\/ul>\n<\/div>\n<h1>\n<p>N\u00e9zd meg!<\/p>\n<\/h1>\n<div>\n<p>V\u00e1logass video-gy\u0171jtem\u00e9ny\u00fcnkb\u0151l!<\/p>\n<p><b>What is Sustainable Agriculture?<\/b><\/p>\n<\/div>\n<p><iframe src=\"https:\/\/www.youtube.com\/watch?v=iloAQmroRK0&#038;list=PLWlltQ6Oy0zpgxVhd2vZqTDvVXpPhSVd0\"><\/iframe><\/p>\n<p><!--more--><br \/>\n<!-- {\"type\":\"layout\",\"children\":[{\"type\":\"section\",\"props\":{\"style\":\"primary\",\"width\":\"default\",\"vertical_align\":\"middle\",\"title_position\":\"top-left\",\"title_rotation\":\"left\",\"title_breakpoint\":\"xl\",\"image_position\":\"center-center\"},\"children\":[{\"type\":\"row\",\"children\":[{\"type\":\"column\",\"props\":{\"position_sticky_breakpoint\":\"m\",\"image_position\":\"center-center\",\"media_overlay_gradient\":\"\"},\"children\":[{\"type\":\"headline\",\"props\":{\"title_element\":\"h1\",\"content\":\"K\\u00e9sz\\u00fclj fel egy z\\u00f6ldebb j\\u00f6v\\u0151re\",\"text_align\":\"center\",\"css\":\".el-element{\\ntext-shadow: 0 0 3px #FFD743, 0 0 8px #FFD743, 0 0 13px #FFD743, 0 0 18px #FFD743, 0 0 27px #FFD743, 2px 2px 7px rgba(206,89,55,0);\\ncolor: #FFF9CE;\\nfont-weight: 900;\\n}\\n\\n\",\"class\":\"special-font\"}}]}]},{\"type\":\"row\",\"props\":{\"layout\":\"1-4,1-4,1-4,1-4|1-2,1-2,1-2,1-2\"},\"children\":[{\"type\":\"column\",\"props\":{\"position_sticky_breakpoint\":\"m\",\"image_position\":\"center-center\",\"media_overlay_gradient\":\"\",\"width_medium\":\"1-4\",\"width_small\":\"1-2\"},\"children\":[]},{\"type\":\"column\",\"props\":{\"position_sticky_breakpoint\":\"m\",\"image_position\":\"center-center\",\"media_overlay_gradient\":\"\",\"width_medium\":\"1-4\",\"width_small\":\"1-2\"},\"children\":[{\"type\":\"image\",\"props\":{\"margin\":\"default\",\"image_svg_color\":\"emphasis\",\"image\":\"wp-content\\\/uploads\\\/2022\\\/06\\\/game_controller.png\",\"image_width\":\"300\",\"link\":\"https:\\\/\\\/degrebee.trebag.hu\\\/hu\"}}]},{\"type\":\"column\",\"props\":{\"position_sticky_breakpoint\":\"m\",\"image_position\":\"center-center\",\"media_overlay_gradient\":\"\",\"width_medium\":\"1-4\",\"width_small\":\"1-2\"},\"children\":[{\"type\":\"panel\",\"props\":{\"link_text\":\"Read more\",\"title_hover_style\":\"reset\",\"title_element\":\"h3\",\"title_align\":\"top\",\"title_grid_width\":\"1-2\",\"title_grid_breakpoint\":\"m\",\"meta_style\":\"meta\",\"meta_align\":\"below-title\",\"meta_element\":\"div\",\"content_column_breakpoint\":\"m\",\"icon_width\":80,\"image_align\":\"top\",\"image_grid_width\":\"1-2\",\"image_grid_breakpoint\":\"m\",\"image_svg_color\":\"emphasis\",\"link_style\":\"default\",\"margin\":\"default\",\"title\":\"J\\u00e1tssz!\",\"content\":\"\n\n<p>M\\u00e9ly\\u00edtsd el a tud\\u00e1sodat visual novel form\\u00e1ban fejlesztett j\\u00e1t\\u00e9kunkkal!<\\\/p>\",\"css\":\".el-title{\\ntext-shadow: 0 0 3px #FFE947, 0 0 8px #FFE947, 0 0 13px #FFE947, 0 0 18px #FFE947, 0 0 27px #FFE947, 2px 2px 7px rgba(206,89,55,0);\\ncolor: #FFF9CE;\\nfont-weight: 900;\\nfont-family: sans-serif;\\n text-transform: uppercase;\\n}\\n\\n.el-content{\\n\\tcolor: #fff;\\n     font-weight: 600;\\n}\\n\",\"class\":\"\"}}]},{\"type\":\"column\",\"props\":{\"position_sticky_breakpoint\":\"m\",\"image_position\":\"center-center\",\"media_overlay_gradient\":\"\",\"width_medium\":\"1-4\",\"width_small\":\"1-2\"},\"children\":[]}]},{\"type\":\"row\",\"props\":{\"layout\":\"1-4,1-4,1-4,1-4|1-2,1-2,1-2,1-2\"},\"children\":[{\"type\":\"column\",\"props\":{\"position_sticky_breakpoint\":\"m\",\"image_position\":\"center-center\",\"media_overlay_gradient\":\"\",\"width_medium\":\"1-4\",\"width_small\":\"1-2\"},\"children\":[{\"type\":\"image\",\"props\":{\"margin\":\"default\",\"image_svg_color\":\"emphasis\",\"image\":\"wp-content\\\/uploads\\\/2022\\\/06\\\/textbook.png\",\"image_width\":\"300\"}}]},{\"type\":\"column\",\"props\":{\"position_sticky_breakpoint\":\"m\",\"image_position\":\"center-center\",\"media_overlay_gradient\":\"\",\"width_medium\":\"1-4\",\"width_small\":\"1-2\"},\"children\":[{\"type\":\"panel\",\"props\":{\"link_text\":\"Read more\",\"title_hover_style\":\"reset\",\"title_element\":\"h3\",\"title_align\":\"top\",\"title_grid_width\":\"1-2\",\"title_grid_breakpoint\":\"m\",\"meta_style\":\"meta\",\"meta_align\":\"below-title\",\"meta_element\":\"div\",\"content_column_breakpoint\":\"m\",\"icon_width\":80,\"image_align\":\"top\",\"image_grid_width\":\"1-2\",\"image_grid_breakpoint\":\"m\",\"image_svg_color\":\"emphasis\",\"link_style\":\"default\",\"margin\":\"default\",\"title\":\"Tanulj!\",\"content\":\"\n\n<p>Szerezz \\u00faj tud\\u00e1st tananyagaink haszn\\u00e1lat\\u00e1val!<\\\/p>\",\"css\":\".el-title{\\ntext-shadow: 0 0 3px #E880F0, 0 0 8px #E880F0, 0 0 13px #E880F0, 0 0 18px #E880F0, 0 0 27px #E880F0, 2px 2px 7px rgba(206,89,55,0);\\ncolor: #FBD8FE;\\nfont-weight: 900;\\nfont-family: sans-serif;\\n text-transform: uppercase;\\n}\\n\\n.el-content{\\n\\tcolor: #fff;\\n     font-weight: 600;\\n}\\n\"}}]},{\"type\":\"column\",\"props\":{\"position_sticky_breakpoint\":\"m\",\"image_position\":\"center-center\",\"media_overlay_gradient\":\"\",\"width_medium\":\"1-4\",\"width_small\":\"1-2\"},\"children\":[{\"type\":\"image\",\"props\":{\"margin\":\"default\",\"image_svg_color\":\"emphasis\",\"image\":\"wp-content\\\/uploads\\\/2022\\\/06\\\/Video.png\",\"image_width\":\"300\"}}]},{\"type\":\"column\",\"props\":{\"position_sticky_breakpoint\":\"m\",\"image_position\":\"center-center\",\"media_overlay_gradient\":\"\",\"width_medium\":\"1-4\",\"width_small\":\"1-2\"},\"children\":[{\"type\":\"panel\",\"props\":{\"link_text\":\"Read more\",\"title_hover_style\":\"reset\",\"title_element\":\"h3\",\"title_align\":\"top\",\"title_grid_width\":\"1-2\",\"title_grid_breakpoint\":\"m\",\"meta_style\":\"meta\",\"meta_align\":\"below-title\",\"meta_element\":\"div\",\"content_column_breakpoint\":\"m\",\"icon_width\":80,\"image_align\":\"top\",\"image_grid_width\":\"1-2\",\"image_grid_breakpoint\":\"m\",\"image_svg_color\":\"emphasis\",\"link_style\":\"default\",\"margin\":\"default\",\"title\":\"N\\u00e9zd meg!\",\"content\":\"\n\n<p>V\\u00e1lj j\\u00e1rtass\\u00e1 a t\\u00e9m\\u00e1ban vide\\u00f3kat n\\u00e9zve!<\\\/p>\",\"css\":\".el-title{\\ntext-shadow: 0 0 3px #43FFAA, 0 0 8px #43FFAA, 0 0 13px #43FFAA, 0 0 18px #43FFAA, 0 0 27px #43FFAA, 2px 2px 7px rgba(206,89,55,0);\\ncolor: #B9FFDF;\\nfont-weight: 900;\\nfont-family: sans-serif;\\n text-transform: uppercase;\\n}\\n\\n\\n.el-content{\\n\\tcolor: #fff;\\n    font-weight: 600;\\n}\\n\"}}]}]}]},{\"type\":\"section\",\"props\":{\"style\":\"default\",\"width\":\"default\",\"vertical_align\":\"middle\",\"title_position\":\"top-left\",\"title_rotation\":\"left\",\"title_breakpoint\":\"xl\",\"image_position\":\"center-center\"},\"children\":[{\"type\":\"row\",\"props\":{\"layout\":\"1-5,3-5,1-5\"},\"children\":[{\"type\":\"column\",\"props\":{\"position_sticky_breakpoint\":\"m\",\"image_position\":\"center-center\",\"media_overlay_gradient\":\"\",\"width_medium\":\"1-5\"},\"children\":[]},{\"type\":\"column\",\"props\":{\"position_sticky_breakpoint\":\"m\",\"image_position\":\"center-center\",\"media_overlay_gradient\":\"\",\"width_medium\":\"3-5\"},\"children\":[{\"type\":\"headline\",\"props\":{\"title_element\":\"h1\",\"content\":\"\n\n<p>Tanulj!<\\\/p>\"}},{\"type\":\"text\",\"props\":{\"margin\":\"default\",\"column_breakpoint\":\"m\",\"content\":\"\n\n<p>Itt tal\\u00e1sz friss anyagokat \\u00e9s inform\\u00e1ci\\u00f3kat az \\u00f6n\\u00e1ll\\u00f3 tanul\\u00e1shoz:<\\\/p>\\n\n\n<ul>\\n\n\n<li>\\n\n\n<p><a href=\\\"https:\\\/\\\/www.ilo.org\\\/global\\\/topics\\\/green-jobs\\\/events-training\\\/lang--en\\\/index.htm\\\">ILO K\\u00e9pz\\u00e9sek z\\u00f6ld \\u00e1ll\\u00e1sokhoz<\\\/a><\\\/p>\\n<\\\/li>\\n<\\\/ul>\\n\n\n<p><\\\/p>\\n\n\n<ul>\\n\n\n<li>\\n\n\n<p><a href=\\\"https:\\\/\\\/course.greenskills.co.za\\\/\\\">z\\u00f6ld k\\u00e9szs\\u00e9gek<\\\/a><b>, a project of the Rhodes University Environmental Learning Centre<\\\/b><\\\/p>\\n<\\\/li>\\n<\\\/ul>\\n\n\n<ul>\\n\n\n<li>Itt tal\\u00e1lsz tov\\u00e1bbi publik\\u00e1ci\\u00f3kat a z\\u00f6ld k\\u00e9szs\\u00e9gekr\\u0151l:<\\\/li>\\n<\\\/ul>\\n\n\n<ul>\\n\n\n<li>\\n\n\n<p><a href=\\\"https:\\\/\\\/www.cedefop.europa.eu\\\/en\\\/projects\\\/skills-and-jobs-green-transition\\\/publications\\\">CEDEFOP k\\u00e9szs\\u00e9gek \\u00e9s \\u00e1ll\\u00e1sok a z\\u00f6ld \\u00e1talakul\\u00e1s\\u00e9rt<\\\/a><\\\/p>\\n<\\\/li>\\n<\\\/ul>\",\"text_style\":\"lead\"}}]},{\"type\":\"column\",\"props\":{\"position_sticky_breakpoint\":\"m\",\"image_position\":\"center-center\",\"media_overlay_gradient\":\"\",\"width_medium\":\"1-5\"},\"children\":[]}]}]},{\"type\":\"section\",\"props\":{\"style\":\"default\",\"width\":\"default\",\"vertical_align\":\"middle\",\"title_position\":\"top-left\",\"title_rotation\":\"left\",\"title_breakpoint\":\"xl\",\"image_position\":\"center-center\",\"css\":\".el-section{\\n\\tbackground-color: #8a2d92;\\n}\"},\"children\":[{\"type\":\"row\",\"props\":{\"layout\":\"1-5,3-5,1-5\"},\"children\":[{\"type\":\"column\",\"props\":{\"position_sticky_breakpoint\":\"m\",\"image_position\":\"center-center\",\"media_overlay_gradient\":\"\",\"width_medium\":\"1-5\"},\"children\":[]},{\"type\":\"column\",\"props\":{\"position_sticky_breakpoint\":\"m\",\"image_position\":\"center-center\",\"media_overlay_gradient\":\"\",\"width_medium\":\"3-5\"},\"children\":[{\"type\":\"headline\",\"props\":{\"title_element\":\"h1\",\"content\":\"\n\n<p>N\\u00e9zd meg!<\\\/p>\",\"css\":\".el-element{\\n\\tcolor: #fefefe;\\n}\"}},{\"type\":\"text\",\"props\":{\"margin\":\"default\",\"column_breakpoint\":\"m\",\"content\":\"\n\n<p>V\\u00e1logass video-gy\\u0171jtem\\u00e9ny\\u00fcnkb\\u0151l!<\\\/p>\\n\n\n<p><b>What is Sustainable Agriculture?<\\\/b><\\\/p>\",\"text_style\":\"lead\",\"css\":\".el-element\\n{color: #fefefe;}\"}},{\"type\":\"video\",\"props\":{\"video_controls\":true,\"margin\":\"default\",\"video\":\"https:\\\/\\\/www.youtube.com\\\/watch?v=iloAQmroRK0&list=PLWlltQ6Oy0zpgxVhd2vZqTDvVXpPhSVd0\",\"video_width\":\"640px\",\"text_align\":\"center\"}}]},{\"type\":\"column\",\"props\":{\"position_sticky_breakpoint\":\"m\",\"image_position\":\"center-center\",\"media_overlay_gradient\":\"\",\"width_medium\":\"1-5\"},\"children\":[]}]}]}],\"version\":\"2.7.22\"} --><\/p>\n","protected":false},"excerpt":{"rendered":"<p>K\u00e9sz\u00fclj fel egy z\u00f6ldebb j\u00f6v\u0151re J\u00e1tssz! M\u00e9ly\u00edtsd el a tud\u00e1sodat visual novel form\u00e1ban fejlesztett j\u00e1t\u00e9kunkkal! Tanulj! Szerezz \u00faj tud\u00e1st tananyagaink haszn\u00e1lat\u00e1val! N\u00e9zd meg! V\u00e1lj j\u00e1rtass\u00e1 a t\u00e9m\u00e1ban vide\u00f3kat n\u00e9zve! Tanulj! Itt tal\u00e1sz friss anyagokat \u00e9s inform\u00e1ci\u00f3kat az \u00f6n\u00e1ll\u00f3 tanul\u00e1shoz: ILO K\u00e9pz\u00e9sek z\u00f6ld \u00e1ll\u00e1sokhoz z\u00f6ld k\u00e9szs\u00e9gek, a project of the Rhodes University Environmental Learning Centre Itt [&hellip;]<\/p>\n","protected":false},"author":1,"featured_media":0,"parent":0,"menu_order":0,"comment_status":"closed","ping_status":"closed","template":"","meta":[],"_links":{"self":[{"href":"http:\/\/degrebe-project.eu\/hu\/wp-json\/wp\/v2\/pages\/2130"}],"collection":[{"href":"http:\/\/degrebe-project.eu\/hu\/wp-json\/wp\/v2\/pages"}],"about":[{"href":"http:\/\/degrebe-project.eu\/hu\/wp-json\/wp\/v2\/types\/page"}],"author":[{"embeddable":true,"href":"http:\/\/degrebe-project.eu\/hu\/wp-json\/wp\/v2\/users\/1"}],"replies":[{"embeddable":true,"href":"http:\/\/degrebe-project.eu\/hu\/wp-json\/wp\/v2\/comments?post=2130"}],"version-history":[{"count":12,"href":"http:\/\/degrebe-project.eu\/hu\/wp-json\/wp\/v2\/pages\/2130\/revisions"}],"predecessor-version":[{"id":2819,"href":"http:\/\/degrebe-project.eu\/hu\/wp-json\/wp\/v2\/pages\/2130\/revisions\/2819"}],"wp:attachment":[{"href":"http:\/\/degrebe-project.eu\/hu\/wp-json\/wp\/v2\/media?parent=2130"}],"curies":[{"name":"wp","href":"https:\/\/api.w.org\/{rel}","templated":true}]}}