{"id":2090,"date":"2019-09-09T11:23:16","date_gmt":"2019-09-09T11:23:16","guid":{"rendered":"http:\/\/degrebe-project.eu\/contact\/"},"modified":"2024-05-27T06:49:31","modified_gmt":"2024-05-27T06:49:31","slug":"contact","status":"publish","type":"page","link":"http:\/\/degrebe-project.eu\/cs\/contact\/","title":{"rendered":"Kontakty"},"content":{"rendered":"<div>\n<div class=\"header-space\"><\/div>\n<\/div>\n<h1>\n<p><strong>Kontaktujte n\u00e1s<\/strong><\/p>\n<\/h1>\n<div>\n<style>\n<p>   html {\n  scroll-behavior: smooth;\n}\n    .arrow\n{\n  position: relative;\n  bottom: -2rem;\n  left: 50%;\n  margin-left:-20px;\n  width: 40px;\n  height: 40px;\n  color: #892E92 !important;\n   margin-bottom: 80px;<\/p>\n<p>  \/**\n   * Dark Arrow Down\n   *\/\n  background-image: url(http:\/\/degrebe-project.eu\/wp-content\/uploads\/2022\/06\/down-arrow.png);\n  background-size: contain;\n}<\/p>\n<p>.bounce {\n  animation: bounce 2s infinite;\n}<\/p>\n<p>@keyframes bounce {\n  0%, 20%, 50%, 80%, 100% {\n    transform: translateY(0);\n  }\n  40% {\n    transform: translateY(-30px);\n  }\n  60% {\n    transform: translateY(-15px);\n  }\n}<\/p>\n<\/style>\n<div class=\"arrow bounce\"><\/div>\n<\/div>\n<ul>\n<li>\n<div>\n<p><strong>Adresa:<\/strong><\/p>\n<\/div>\n<\/li>\n<li>\n<div>\n<p><span>Nagykov\u00e1csi, Kossuth Lajos u. 20, 2094 Hungary<\/span><\/p>\n<\/div>\n<\/li>\n<\/ul>\n<ul>\n<li>\n<div>\n<p><strong>Kontaktujte:<\/strong><\/p>\n<\/div>\n<\/li>\n<li>\n<div>\n<p><span>Nora Kovesd \u2013 Project Manager<\/span><\/p>\n<\/div>\n<\/li>\n<\/ul>\n<ul>\n<li>\n<div>\n<p><strong>E-mail:<\/strong><\/p>\n<\/div>\n<\/li>\n<li>\n<div>\n<p><a href=\"mailto:nora.kovesd@trebag.hu\">nora.kovesd@trebag.hu<\/a><\/p>\n<\/div>\n<\/li>\n<\/ul>\n<ul>\n<li><a href=\"https:\/\/facebook.com\/yootheme\">facebook<\/a>\n<\/li>\n<li><a href=\"https:\/\/twitter.com\/yootheme\">twitter<\/a>\n<\/li>\n<li><a href=\"http:\/\/linkedin.com\">linkedin<\/a>\n<\/li>\n<\/ul>\n<p><img decoding=\"async\" src=\"\/wp-content\/uploads\/2023\/10\/CS_Co-fundedbytheEU_RGB_POS.png\" alt=\"\"><\/p>\n<div>\n<p class=\"_04xlpA direction-ltr align-center para-style-body\"><span class=\"JsGRdQ\"><span data-contrast=\"auto\" xml:lang=\"CS-CZ\" lang=\"CS-CZ\" class=\"TextRun SCXW75337701 BCX0\"><span class=\"NormalTextRun SCXW75337701 BCX0\">Projekt DEGREBE \u010d.<\/span><\/span> 2021-1-HU01-KA220-VET-000024924 <span data-contrast=\"auto\" xml:lang=\"CS-CZ\" lang=\"CS-CZ\" class=\"TextRun SCXW94787024 BCX0\"><span class=\"NormalTextRun SCXW94787024 BCX0\">je spolufinancov\u00e1n programem Evropsk\u00e9 unie Erasmus+.<\/span><\/span><\/span><\/p>\n<p class=\"_04xlpA direction-ltr align-center para-style-body\"><span data-contrast=\"auto\" xml:lang=\"CS-CZ\" lang=\"CS-CZ\" class=\"TextRun SCXW113562400 BCX0\"><span class=\"NormalTextRun SCXW113562400 BCX0\">Tyto webov\u00e9 str\u00e1nky vyjad\u0159uj\u00ed pouze n\u00e1zory autora a Evropsk\u00e9. Komise nem\u016f\u017ee b\u00fdt \u010din\u011bna odpov\u011bdnou za jak\u00e9koli pou\u017eit\u00ed informac\u00ed, kter\u00e9 jsou v n\u00ed obsa\u017eeny.<\/span><\/span><span class=\"EOP SCXW113562400 BCX0\" data-ccp-props=\"{&quot;201341983&quot;:0,&quot;335559740&quot;:259}\">\u00a0<\/span><\/p>\n<\/div>\n<ul>\n<li><a href=\"https:\/\/www.instagram.com\/degrebe_project\/\">instagram<\/a>\n<\/li>\n<li><a href=\"https:\/\/www.facebook.com\/DEGREBE\">facebook<\/a>\n<\/li>\n<\/ul>\n<p><!--more--><br \/>\n<!-- {\"name\":\"FAQ\",\"type\":\"layout\",\"children\":[{\"type\":\"section\",\"props\":{\"style\":\"default\",\"width\":\"default\",\"vertical_align\":\"middle\",\"title_position\":\"top-left\",\"title_rotation\":\"left\",\"title_breakpoint\":\"xl\",\"image_position\":\"center-center\",\"image\":\"wp-content\\\/uploads\\\/2022\\\/06\\\/smart-city-e1655374311520.jpg\"},\"children\":[{\"type\":\"row\",\"props\":{\"attributes\":\"\"},\"children\":[{\"type\":\"column\",\"props\":{\"position_sticky_breakpoint\":\"m\",\"image_position\":\"center-center\",\"media_overlay_gradient\":\"\"},\"children\":[{\"type\":\"html\",\"props\":{\"content\":\"\n\n<div class=\\\"header-space\\\"><\\\/div>\",\"css\":\".header-space{\\n\\theight: 250px;\\n}\"}}]}]}],\"name\":\"HEADER\"},{\"name\":\"Contact\",\"type\":\"section\",\"props\":{\"style\":\"default\",\"width\":\"large\",\"vertical_align\":\"middle\",\"title_position\":\"top-left\",\"title_rotation\":\"left\",\"title_breakpoint\":\"xl\",\"image_position\":\"top-right\",\"image\":\"\",\"padding\":\"large\",\"animation\":\"fade\",\"media_visibility\":\"m\",\"css\":\".el-section{\\n\\tmargin: 0 15vh;\\n}\"},\"children\":[{\"type\":\"row\",\"children\":[{\"type\":\"column\",\"props\":{\"position_sticky_breakpoint\":\"m\",\"image_position\":\"center-center\",\"media_overlay_gradient\":\"\"},\"children\":[{\"type\":\"headline\",\"props\":{\"title_element\":\"h1\",\"class\":\"purple-text special-font\",\"content\":\"\n\n<p><strong>Kontaktujte n\\u00e1s<\\\/strong><\\\/p>\",\"text_align\":\"center\"}},{\"type\":\"html\",\"props\":{\"content\":\"\n\n<style>\\n    \\n   html {\\n  scroll-behavior: smooth;\\n}\\n    .arrow\\n{\\n  position: relative;\\n  bottom: -2rem;\\n  left: 50%;\\n  margin-left:-20px;\\n  width: 40px;\\n  height: 40px;\\n  color: #892E92 !important;\\n   margin-bottom: 80px;\\n\\n  \\\/**\\n   * Dark Arrow Down\\n   *\\\/\\n  background-image: url(http:\\\/\\\/degrebe-project.eu\\\/wp-content\\\/uploads\\\/2022\\\/06\\\/down-arrow.png);\\n  background-size: contain;\\n}\\n\\n.bounce {\\n  animation: bounce 2s infinite;\\n}\\n\\n@keyframes bounce {\\n  0%, 20%, 50%, 80%, 100% {\\n    transform: translateY(0);\\n  }\\n  40% {\\n    transform: translateY(-30px);\\n  }\\n  60% {\\n    transform: translateY(-15px);\\n  }\\n}\\n    \\n    \\n<\\\/style>\\n\\n\n\n<div class=\\\"arrow bounce\\\"><\\\/div>\"}}]}]},{\"name\":\"\",\"type\":\"row\",\"children\":[{\"name\":\"\",\"type\":\"column\",\"props\":{\"image_position\":\"center-center\",\"media_overlay_gradient\":\"\",\"width_medium\":\"1-2\",\"position_sticky_breakpoint\":\"m\"},\"children\":[{\"type\":\"grid\",\"props\":{\"show_title\":true,\"show_meta\":true,\"show_content\":true,\"show_image\":true,\"show_link\":true,\"grid_default\":\"1\",\"grid_medium\":\"3\",\"filter_style\":\"tab\",\"filter_all\":true,\"filter_position\":\"top\",\"filter_align\":\"left\",\"filter_grid_width\":\"auto\",\"filter_grid_breakpoint\":\"m\",\"title_hover_style\":\"reset\",\"title_element\":\"h3\",\"title_align\":\"top\",\"title_grid_width\":\"1-2\",\"title_grid_breakpoint\":\"m\",\"meta_style\":\"meta\",\"meta_align\":\"below-title\",\"meta_element\":\"div\",\"content_column_breakpoint\":\"m\",\"icon_width\":80,\"image_align\":\"top\",\"image_grid_width\":\"1-2\",\"image_grid_breakpoint\":\"m\",\"image_svg_color\":\"emphasis\",\"link_text\":\"Read more\",\"link_style\":\"default\",\"margin\":\"default\",\"item_animation\":true,\"css\":\"strong{\\n\\tfont-weight: 800;\\n    text-transform: uppercase;\\n    \\n}\",\"filter\":false,\"filter_margin\":\"xlarge\"},\"children\":[{\"type\":\"grid_item\",\"props\":{\"content\":\"\n\n<p><strong>Adresa:<\\\/strong><\\\/p>\"}},{\"type\":\"grid_item\",\"props\":{\"content\":\"\n\n<p><span>Nagykov\\u00e1csi, Kossuth Lajos u. 20, 2094 Hungary<\\\/span><\\\/p>\"}}]},{\"type\":\"grid\",\"props\":{\"show_title\":true,\"show_meta\":true,\"show_content\":true,\"show_image\":true,\"show_link\":true,\"grid_default\":\"1\",\"grid_medium\":\"3\",\"filter_style\":\"tab\",\"filter_all\":true,\"filter_position\":\"top\",\"filter_align\":\"left\",\"filter_grid_width\":\"auto\",\"filter_grid_breakpoint\":\"m\",\"title_hover_style\":\"reset\",\"title_element\":\"h3\",\"title_align\":\"top\",\"title_grid_width\":\"1-2\",\"title_grid_breakpoint\":\"m\",\"meta_style\":\"meta\",\"meta_align\":\"below-title\",\"meta_element\":\"div\",\"content_column_breakpoint\":\"m\",\"icon_width\":80,\"image_align\":\"top\",\"image_grid_width\":\"1-2\",\"image_grid_breakpoint\":\"m\",\"image_svg_color\":\"emphasis\",\"link_text\":\"Read more\",\"link_style\":\"default\",\"margin\":\"default\",\"item_animation\":true,\"css\":\"strong{\\n\\tfont-weight: 800;\\n    text-transform: uppercase;\\n    \\n}\"},\"children\":[{\"type\":\"grid_item\",\"props\":{\"content\":\"\n\n<p><strong>Kontaktujte:<\\\/strong><\\\/p>\"}},{\"type\":\"grid_item\",\"props\":{\"content\":\"\n\n<p><span>Nora Kovesd \\u2013 Project Manager<\\\/span><\\\/p>\"}}]},{\"type\":\"grid\",\"props\":{\"show_title\":true,\"show_meta\":true,\"show_content\":true,\"show_image\":true,\"show_link\":true,\"grid_default\":\"1\",\"grid_medium\":\"3\",\"filter_style\":\"tab\",\"filter_all\":true,\"filter_position\":\"top\",\"filter_align\":\"left\",\"filter_grid_width\":\"auto\",\"filter_grid_breakpoint\":\"m\",\"title_hover_style\":\"reset\",\"title_element\":\"h3\",\"title_align\":\"top\",\"title_grid_width\":\"1-2\",\"title_grid_breakpoint\":\"m\",\"meta_style\":\"meta\",\"meta_align\":\"below-title\",\"meta_element\":\"div\",\"content_column_breakpoint\":\"m\",\"icon_width\":80,\"image_align\":\"top\",\"image_grid_width\":\"1-2\",\"image_grid_breakpoint\":\"m\",\"image_svg_color\":\"emphasis\",\"link_text\":\"Read more\",\"link_style\":\"default\",\"margin\":\"default\",\"item_animation\":true,\"css\":\"strong{\\n\\tfont-weight: 800;\\n    text-transform: uppercase;\\n    \\n}\"},\"children\":[{\"type\":\"grid_item\",\"props\":{\"content\":\"\n\n<p><strong>E-mail:<\\\/strong><\\\/p>\"}},{\"type\":\"grid_item\",\"props\":{\"content\":\"\n\n<p><a href=\\\"mailto:nora.kovesd@trebag.hu\\\">nora.kovesd@trebag.hu<\\\/a><\\\/p>\"}}]}]},{\"type\":\"column\",\"props\":{\"position_sticky_breakpoint\":\"m\",\"image_position\":\"center-center\",\"media_overlay_gradient\":\"\",\"width_medium\":\"1-2\",\"vertical_align\":\"middle\"},\"children\":[{\"name\":\"\",\"type\":\"social\",\"props\":{\"link_style\":\"button\",\"margin\":\"default\",\"link_target\":true,\"grid_gap\":\"small\",\"grid\":\"horizontal\"},\"children\":[{\"type\":\"social_item\",\"props\":{\"link\":\"https:\\\/\\\/facebook.com\\\/yootheme\"}},{\"type\":\"social_item\",\"props\":{\"link\":\"https:\\\/\\\/twitter.com\\\/yootheme\"}},{\"type\":\"social_item\",\"props\":{\"link\":\"http:\\\/\\\/linkedin.com\"}}]}]}],\"props\":{\"layout\":\"1-2,1-2\"}}]},{\"name\":\"footer_cz\",\"type\":\"section\",\"props\":{\"style\":\"default\",\"width\":\"large\",\"vertical_align\":\"middle\",\"title_position\":\"top-left\",\"title_rotation\":\"left\",\"title_breakpoint\":\"xl\",\"image_position\":\"center-center\",\"css\":\".el-section{\\n\\tbackground-color: #f6f6f6;\\n}\"},\"children\":[{\"name\":\"\",\"type\":\"row\",\"props\":{\"layout\":\"1-3,1-3,1-3\",\"match\":true},\"children\":[{\"name\":\"\",\"type\":\"column\",\"props\":{\"image_position\":\"center-center\",\"media_overlay_gradient\":\"\",\"width_medium\":\"1-3\",\"position_sticky_breakpoint\":\"m\",\"vertical_align\":\"middle\"},\"children\":[{\"type\":\"image\",\"props\":{\"margin\":\"default\",\"image_svg_color\":\"emphasis\",\"image\":\"wp-content\\\/uploads\\\/2023\\\/10\\\/CS_Co-fundedbytheEU_RGB_POS.png\"}}]},{\"name\":\"\",\"type\":\"column\",\"props\":{\"image_position\":\"center-center\",\"media_overlay_gradient\":\"\",\"width_medium\":\"1-3\",\"position_sticky_breakpoint\":\"m\"},\"children\":[{\"type\":\"text\",\"props\":{\"margin\":\"default\",\"column_breakpoint\":\"m\",\"content\":\"\n\n<p class=\\\"_04xlpA direction-ltr align-center para-style-body\\\"><span class=\\\"JsGRdQ\\\"><span data-contrast=\\\"auto\\\" xml:lang=\\\"CS-CZ\\\" lang=\\\"CS-CZ\\\" class=\\\"TextRun SCXW75337701 BCX0\\\"><span class=\\\"NormalTextRun SCXW75337701 BCX0\\\">Projekt DEGREBE \\u010d.<\\\/span><\\\/span> 2021-1-HU01-KA220-VET-000024924 <span data-contrast=\\\"auto\\\" xml:lang=\\\"CS-CZ\\\" lang=\\\"CS-CZ\\\" class=\\\"TextRun SCXW94787024 BCX0\\\"><span class=\\\"NormalTextRun SCXW94787024 BCX0\\\">je spolufinancov\\u00e1n programem Evropsk\\u00e9 unie Erasmus+.<\\\/span><\\\/span><\\\/span><\\\/p>\\n\n\n<p class=\\\"_04xlpA direction-ltr align-center para-style-body\\\"><span data-contrast=\\\"auto\\\" xml:lang=\\\"CS-CZ\\\" lang=\\\"CS-CZ\\\" class=\\\"TextRun SCXW113562400 BCX0\\\"><span class=\\\"NormalTextRun SCXW113562400 BCX0\\\">Tyto webov\\u00e9 str\\u00e1nky vyjad\\u0159uj\\u00ed pouze n\\u00e1zory autora a Evropsk\\u00e9. Komise nem\\u016f\\u017ee b\\u00fdt \\u010din\\u011bna odpov\\u011bdnou za jak\\u00e9koli pou\\u017eit\\u00ed informac\\u00ed, kter\\u00e9 jsou v n\\u00ed obsa\\u017eeny.<\\\/span><\\\/span><span class=\\\"EOP SCXW113562400 BCX0\\\" data-ccp-props=\\\"{&quot;201341983&quot;:0,&quot;335559740&quot;:259}\\\">\\u00a0<\\\/span><\\\/p>\",\"text_align\":\"center\",\"text_color\":\"emphasis\",\"class\":\"\",\"css\":\".el-element p{\\n\\tcolor: #892E92;\\n    font-weight: 600;\\n}\"}}]},{\"name\":\"\",\"type\":\"column\",\"props\":{\"image_position\":\"center-center\",\"media_overlay_gradient\":\"\",\"width_medium\":\"1-3\",\"position_sticky_breakpoint\":\"m\",\"vertical_align\":\"middle\"},\"children\":[{\"type\":\"social\",\"props\":{\"link_style\":\"\",\"grid\":\"horizontal\",\"grid_gap\":\"small\",\"margin\":\"default\",\"icon_width\":\"40px\",\"text_align\":\"center\"},\"children\":[{\"type\":\"social_item\",\"props\":{\"link\":\"https:\\\/\\\/www.instagram.com\\\/degrebe_project\\\/\",\"status\":\"\"}},{\"type\":\"social_item\",\"props\":{\"link\":\"https:\\\/\\\/www.facebook.com\\\/DEGREBE\"}}]}]}]}]}],\"version\":\"2.7.22\"} --><\/p>\n","protected":false},"excerpt":{"rendered":"<p>Kontaktujte n\u00e1s Adresa: Nagykov\u00e1csi, Kossuth Lajos u. 20, 2094 Hungary Kontaktujte: Nora Kovesd \u2013 Project Manager E-mail: nora.kovesd@trebag.hu facebook twitter linkedin Projekt DEGREBE \u010d. 2021-1-HU01-KA220-VET-000024924 je spolufinancov\u00e1n programem Evropsk\u00e9 unie Erasmus+. Tyto webov\u00e9 str\u00e1nky vyjad\u0159uj\u00ed pouze n\u00e1zory autora a Evropsk\u00e9. Komise nem\u016f\u017ee b\u00fdt \u010din\u011bna odpov\u011bdnou za jak\u00e9koli pou\u017eit\u00ed informac\u00ed, kter\u00e9 jsou v n\u00ed obsa\u017eeny.\u00a0 instagram [&hellip;]<\/p>\n","protected":false},"author":1,"featured_media":0,"parent":0,"menu_order":8,"comment_status":"open","ping_status":"open","template":"","meta":[],"_links":{"self":[{"href":"http:\/\/degrebe-project.eu\/cs\/wp-json\/wp\/v2\/pages\/2090"}],"collection":[{"href":"http:\/\/degrebe-project.eu\/cs\/wp-json\/wp\/v2\/pages"}],"about":[{"href":"http:\/\/degrebe-project.eu\/cs\/wp-json\/wp\/v2\/types\/page"}],"author":[{"embeddable":true,"href":"http:\/\/degrebe-project.eu\/cs\/wp-json\/wp\/v2\/users\/1"}],"replies":[{"embeddable":true,"href":"http:\/\/degrebe-project.eu\/cs\/wp-json\/wp\/v2\/comments?post=2090"}],"version-history":[{"count":10,"href":"http:\/\/degrebe-project.eu\/cs\/wp-json\/wp\/v2\/pages\/2090\/revisions"}],"predecessor-version":[{"id":2912,"href":"http:\/\/degrebe-project.eu\/cs\/wp-json\/wp\/v2\/pages\/2090\/revisions\/2912"}],"wp:attachment":[{"href":"http:\/\/degrebe-project.eu\/cs\/wp-json\/wp\/v2\/media?parent=2090"}],"curies":[{"name":"wp","href":"https:\/\/api.w.org\/{rel}","templated":true}]}}