{"id":2059,"date":"2022-06-27T07:05:56","date_gmt":"2022-06-27T07:05:56","guid":{"rendered":"http:\/\/degrebe-project.eu\/home-2\/"},"modified":"2023-10-27T14:01:33","modified_gmt":"2023-10-27T14:01:33","slug":"home-2","status":"publish","type":"page","link":"http:\/\/degrebe-project.eu\/cs\/","title":{"rendered":"Dom\u016f"},"content":{"rendered":"<p><img decoding=\"async\" src=\"\/wp-content\/uploads\/2022\/06\/degrebe_logo_diamond_green-1.png\" alt=\"\"><\/p>\n<div>\n<p style=\"text-align: center;\">ROZVOJ EKOLOGICK\u00ddCH DOVEDNOST\u00cd PRO LEP\u0160\u00cd ZAM\u011aSTNATELNOST<\/p>\n<\/div>\n<p><img decoding=\"async\" src=\"\/wp-content\/uploads\/2022\/06\/leaf-9-1.png\" alt=\"\"><\/p>\n<div>\n<p>DEGREBE je projekt financovan\u00fd programem Erasmus+, jeho\u017e c\u00edlem je pomoci mlad\u00fdm odborn\u00edk\u016fm a student\u016fm v zem\u011bd\u011blsk\u00e9m sektoru rozv\u00edjet jejich ekologick\u00e9 a pr\u016f\u0159ezov\u00e9 dovednosti.<\/p>\n<\/div>\n<p><img decoding=\"async\" src=\"\/wp-content\/uploads\/2022\/06\/leaf-9-inv.png\" alt=\"\"><\/p>\n<h1><a href=\"\/trainers\/\"><span data-contrast=\"auto\" xml:lang=\"CS-CZ\" lang=\"CS-CZ\" class=\"TextRun SCXW111375871 BCX0\"><span class=\"NormalTextRun SCXW111375871 BCX0\">Jste pedagog?<\/span><\/span><span class=\"EOP SCXW111375871 BCX0\" data-ccp-props=\"{&quot;201341983&quot;:0,&quot;335559739&quot;:0,&quot;335559740&quot;:240}\">\u00a0<\/span><\/a><\/h1>\n<div>\n<p style=\"text-align: center;\"><span data-contrast=\"auto\" xml:lang=\"CS-CZ\" lang=\"CS-CZ\" class=\"TextRun SCXW63017923 BCX0\"><span class=\"NormalTextRun SCXW63017923 BCX0\">M\u00e1te v \u00famyslu prozkoumat mo\u017enosti gamifikace ve sv\u00fdch t\u0159\u00edd\u00e1ch<\/span><\/span><\/p>\n<\/div>\n<p><img decoding=\"async\" src=\"\/wp-content\/uploads\/2023\/05\/degrebe_cz.jpg\" alt=\"\"><br \/>\n<a href=\"\/trainers\/\"><img decoding=\"async\" src=\"\/wp-content\/uploads\/2022\/06\/arrow-left.png\" alt=\"\"><\/a><br \/>\n<a href=\"\/future-specialists\/\"><img decoding=\"async\" src=\"\/wp-content\/uploads\/2022\/06\/arrow-right.png\" alt=\"\"><\/a><\/p>\n<h1><a href=\"http:\/\/degrebe-project.eu\/future-specialists\/\"><span data-contrast=\"auto\" xml:lang=\"CS-CZ\" lang=\"CS-CZ\" class=\"TextRun SCXW176149640 BCX0\"><span class=\"NormalTextRun SCXW176149640 BCX0\">Jste specialista na budoucnost?<\/span><\/span><span class=\"EOP SCXW176149640 BCX0\" data-ccp-props=\"{&quot;201341983&quot;:0,&quot;335559739&quot;:0,&quot;335559740&quot;:240}\">\u00a0<\/span><\/a><\/h1>\n<div>\n<p><span data-contrast=\"auto\" xml:lang=\"CS-CZ\" lang=\"CS-CZ\" class=\"TextRun SCXW114847776 BCX0\"><span class=\"NormalTextRun SCXW114847776 BCX0\">Studujete nebo ji\u017e pracujete v oborech souvisej\u00edc\u00edch se zem\u011bd\u011blstv\u00edm<\/span><\/span><\/p>\n<\/div>\n<div>\n<\/div>\n<p><img decoding=\"async\" src=\"\/wp-content\/uploads\/2023\/10\/CS_Co-fundedbytheEU_RGB_POS.png\" alt=\"\"><\/p>\n<div>\n<p class=\"_04xlpA direction-ltr align-center para-style-body\"><span class=\"JsGRdQ\"><span data-contrast=\"auto\" xml:lang=\"CS-CZ\" lang=\"CS-CZ\" class=\"TextRun SCXW75337701 BCX0\"><span class=\"NormalTextRun SCXW75337701 BCX0\">Projekt DEGREBE \u010d.<\/span><\/span> 2021-1-HU01-KA220-VET-000024924 <span data-contrast=\"auto\" xml:lang=\"CS-CZ\" lang=\"CS-CZ\" class=\"TextRun SCXW94787024 BCX0\"><span class=\"NormalTextRun SCXW94787024 BCX0\">je spolufinancov\u00e1n programem Evropsk\u00e9 unie Erasmus+.<\/span><\/span><\/span><\/p>\n<p class=\"_04xlpA direction-ltr align-center para-style-body\"><span data-contrast=\"auto\" xml:lang=\"CS-CZ\" lang=\"CS-CZ\" class=\"TextRun SCXW113562400 BCX0\"><span class=\"NormalTextRun SCXW113562400 BCX0\">Tyto webov\u00e9 str\u00e1nky vyjad\u0159uj\u00ed pouze n\u00e1zory autora a Evropsk\u00e9. Komise nem\u016f\u017ee b\u00fdt \u010din\u011bna odpov\u011bdnou za jak\u00e9koli pou\u017eit\u00ed informac\u00ed, kter\u00e9 jsou v n\u00ed obsa\u017eeny.<\/span><\/span><span class=\"EOP SCXW113562400 BCX0\" data-ccp-props=\"{&quot;201341983&quot;:0,&quot;335559740&quot;:259}\">\u00a0<\/span><\/p>\n<\/div>\n<ul>\n<li><a href=\"https:\/\/www.instagram.com\/degrebe_project\/\">instagram<\/a>\n<\/li>\n<li><a href=\"https:\/\/www.facebook.com\/DEGREBE\">facebook<\/a>\n<\/li>\n<\/ul>\n<p><!--more--><br \/>\n<!-- {\"type\":\"layout\",\"children\":[{\"type\":\"section\",\"props\":{\"style\":\"default\",\"width\":\"default\",\"vertical_align\":\"middle\",\"title_position\":\"top-left\",\"title_rotation\":\"left\",\"title_breakpoint\":\"xl\",\"image_position\":\"center-center\",\"image\":\"wp-content\\\/uploads\\\/2022\\\/06\\\/Smart_City_Isometric_Outline_Illustration_purple.jpg\"},\"children\":[{\"type\":\"row\",\"props\":{\"layout\":\"expand,large\"},\"children\":[{\"type\":\"column\",\"props\":{\"position_sticky_breakpoint\":\"m\",\"image_position\":\"center-center\",\"media_overlay_gradient\":\"\",\"width_medium\":\"expand\"},\"children\":[]},{\"type\":\"column\",\"props\":{\"position_sticky_breakpoint\":\"m\",\"image_position\":\"center-center\",\"media_overlay_gradient\":\"\",\"width_medium\":\"large\",\"css\":\".el-column{\\n    margin-top: 200px;\\n\\tbackground-color: #fff;\\n    border-radius: 30px;\\n    border: 3px solid #F6D84A;\\n    padding-right: 4%; \\n}\\n\\n.el-column img{\\n\\tpadding-top: 25px;\\n}\\n\\n.el-column p{\\n\\tcolor: #892E92;\\n\\tfont-weight: 900;\\n    font-style: italic;\\n    font-size: 17px;\\n    font-family: sans-serif;\\n    margin: 0 45px;\\n    \\n}\\n\\n@media (max-width: 960px){\\n  .el-column {\\n    margin-left: 3vw;\\n  }\\n}\\n\\n@media (max-width: 360px){\\n  .el-column {\\n    margin-left: 8vw;\\n  }\\n}\"},\"children\":[{\"type\":\"image\",\"props\":{\"margin\":\"default\",\"image_svg_color\":\"emphasis\",\"image\":\"wp-content\\\/uploads\\\/2022\\\/06\\\/degrebe_logo_diamond_green-1.png\",\"image_width\":\"250px\",\"text_align\":\"center\",\"margin_remove_bottom\":true}},{\"type\":\"text\",\"props\":{\"margin\":\"default\",\"column_breakpoint\":\"m\",\"content\":\"\n\n<p style=\\\"text-align: center;\\\">ROZVOJ EKOLOGICK\\u00ddCH DOVEDNOST\\u00cd PRO LEP\\u0160\\u00cd ZAM\\u011aSTNATELNOST<\\\/p>\"}}]}]}],\"name\":\"HERO\"},{\"type\":\"section\",\"props\":{\"style\":\"default\",\"width\":\"\",\"vertical_align\":\"middle\",\"title_position\":\"top-left\",\"title_rotation\":\"left\",\"title_breakpoint\":\"xl\",\"image_position\":\"center-center\"},\"children\":[{\"type\":\"row\",\"props\":{\"layout\":\"1-4,1-2,1-4\"},\"children\":[{\"type\":\"column\",\"props\":{\"position_sticky_breakpoint\":\"m\",\"image_position\":\"center-center\",\"media_overlay_gradient\":\"\",\"width_medium\":\"1-4\"},\"children\":[{\"type\":\"image\",\"props\":{\"margin\":\"default\",\"image_svg_color\":\"emphasis\",\"image\":\"wp-content\\\/uploads\\\/2022\\\/06\\\/leaf-9-1.png\"}}]},{\"type\":\"column\",\"props\":{\"position_sticky_breakpoint\":\"m\",\"image_position\":\"center-center\",\"media_overlay_gradient\":\"\",\"width_medium\":\"1-2\",\"vertical_align\":\"middle\"},\"children\":[{\"type\":\"text\",\"props\":{\"margin\":\"default\",\"column_breakpoint\":\"m\",\"content\":\"\n\n<p>DEGREBE je projekt financovan\\u00fd programem Erasmus+, jeho\\u017e c\\u00edlem je pomoci mlad\\u00fdm odborn\\u00edk\\u016fm a student\\u016fm v zem\\u011bd\\u011blsk\\u00e9m sektoru rozv\\u00edjet jejich ekologick\\u00e9 a pr\\u016f\\u0159ezov\\u00e9 dovednosti.<\\\/p>\",\"css\":\".el-element{\\n\\tcolor: #892E92;\\n\\tfont-weight: 900;\\n    font-style: italic;\\n    font-size: 22px;\\n    font-family: sans-serif;\\n}\",\"text_align\":\"center\"}}]},{\"type\":\"column\",\"props\":{\"position_sticky_breakpoint\":\"m\",\"image_position\":\"center-center\",\"media_overlay_gradient\":\"\",\"width_medium\":\"1-4\"},\"children\":[{\"type\":\"image\",\"props\":{\"margin\":\"default\",\"image_svg_color\":\"emphasis\",\"image\":\"wp-content\\\/uploads\\\/2022\\\/06\\\/leaf-9-inv.png\"}}]}]}]},{\"type\":\"section\",\"props\":{\"style\":\"default\",\"width\":\"default\",\"vertical_align\":\"middle\",\"title_position\":\"top-left\",\"title_rotation\":\"left\",\"title_breakpoint\":\"xl\",\"image_position\":\"center-right\",\"image\":\"wp-content\\\/uploads\\\/2022\\\/06\\\/leaf-background-3.png\",\"width_expand\":\"right\",\"image_size\":\"height-1-1\"},\"children\":[{\"type\":\"row\",\"props\":{\"layout\":\"1-4,1-4,1-4,1-4|1-2,1-2,1-2,1-2\",\"match\":false},\"children\":[{\"type\":\"column\",\"props\":{\"position_sticky_breakpoint\":\"m\",\"image_position\":\"center-center\",\"media_overlay_gradient\":\"\",\"width_medium\":\"1-4\",\"width_small\":\"1-2\",\"css\":\".el-column{\\n\\tmargin-top: 180px;\\n}\\n\\\/*.el-column:hover{\\n\\tbackground-color: #f6f6f6;\\n    border-radius: 30px;\\n    border: 3px solid #F6D84A;\\n    padding-right: 30px;\\n}*\\\/\"},\"children\":[{\"type\":\"headline\",\"props\":{\"title_element\":\"h1\",\"content\":\"<span data-contrast=\\\"auto\\\" xml:lang=\\\"CS-CZ\\\" lang=\\\"CS-CZ\\\" class=\\\"TextRun SCXW111375871 BCX0\\\"><span class=\\\"NormalTextRun SCXW111375871 BCX0\\\">Jste pedagog?<\\\/span><\\\/span><span class=\\\"EOP SCXW111375871 BCX0\\\" data-ccp-props=\\\"{&quot;201341983&quot;:0,&quot;335559739&quot;:0,&quot;335559740&quot;:240}\\\">\\u00a0<\\\/span>\",\"css\":\".el-element{\\n    font-weight: 700;\\n    font-family: sans-serif;\\n    display: block;\\n    transition: color .2s;\\n}\\n\\n.el-element:hover{\\n\\ttext-decoration: underline;\\n    color: #6AB971;\\n}\",\"class\":\"purple-text\",\"text_align\":\"center\",\"link\":\"trainers\\\/\"}},{\"type\":\"text\",\"props\":{\"margin\":\"default\",\"column_breakpoint\":\"m\",\"content\":\"\n\n<p style=\\\"text-align: center;\\\"><span data-contrast=\\\"auto\\\" xml:lang=\\\"CS-CZ\\\" lang=\\\"CS-CZ\\\" class=\\\"TextRun SCXW63017923 BCX0\\\"><span class=\\\"NormalTextRun SCXW63017923 BCX0\\\">M\\u00e1te v \\u00famyslu prozkoumat mo\\u017enosti gamifikace ve sv\\u00fdch t\\u0159\\u00edd\\u00e1ch<\\\/span><\\\/span><\\\/p>\",\"class\":\"purple-text\",\"css\":\".el-element{\\n\\tfont-weight: 700;\\n    font-family: sans-serif;\\n    font-style: italic;\\n}\"}},{\"type\":\"image\",\"props\":{\"margin\":\"default\",\"image_svg_color\":\"emphasis\",\"image\":\"wp-content\\\/uploads\\\/2023\\\/05\\\/degrebe_cz.jpg\"}}]},{\"type\":\"column\",\"props\":{\"position_sticky_breakpoint\":\"m\",\"image_position\":\"center-center\",\"media_overlay_gradient\":\"\",\"width_medium\":\"1-4\",\"width_small\":\"1-2\"},\"children\":[{\"type\":\"image\",\"props\":{\"margin\":\"default\",\"image_svg_color\":\"emphasis\",\"image\":\"wp-content\\\/uploads\\\/2022\\\/06\\\/arrow-left.png\",\"css\":\".el-element {\\n   margin-top: 150px;\\n  transition: transform .2s; \\\/* Animation *\\\/\\n}\\n\\n.el-element:hover {\\n  transform: scale(1.3); \\n}\",\"link\":\"trainers\\\/\"}}]},{\"type\":\"column\",\"props\":{\"position_sticky_breakpoint\":\"m\",\"image_position\":\"center-center\",\"media_overlay_gradient\":\"\",\"width_medium\":\"1-4\",\"width_small\":\"1-2\"},\"children\":[{\"type\":\"image\",\"props\":{\"margin\":\"default\",\"image_svg_color\":\"emphasis\",\"image\":\"wp-content\\\/uploads\\\/2022\\\/06\\\/arrow-right.png\",\"css\":\".el-element {\\n  transition: transform .2s; \\\/* Animation *\\\/\\n}\\n\\n.el-element:hover {\\n  transform: scale(1.3); \\n}\",\"link\":\"future-specialists\\\/\"}}]},{\"type\":\"column\",\"props\":{\"position_sticky_breakpoint\":\"m\",\"image_position\":\"center-center\",\"media_overlay_gradient\":\"\",\"width_medium\":\"1-4\",\"width_small\":\"1-2\"},\"children\":[{\"type\":\"headline\",\"props\":{\"title_element\":\"h1\",\"content\":\"<span data-contrast=\\\"auto\\\" xml:lang=\\\"CS-CZ\\\" lang=\\\"CS-CZ\\\" class=\\\"TextRun SCXW176149640 BCX0\\\"><span class=\\\"NormalTextRun SCXW176149640 BCX0\\\">Jste specialista na budoucnost?<\\\/span><\\\/span><span class=\\\"EOP SCXW176149640 BCX0\\\" data-ccp-props=\\\"{&quot;201341983&quot;:0,&quot;335559739&quot;:0,&quot;335559740&quot;:240}\\\">\\u00a0<\\\/span>\",\"class\":\"purple-text\",\"css\":\".el-element{\\nfont-weight: 700;\\n    font-family: sans-serif;\\n    transition: color .2s;\\n}\\n\\n.el-element:hover{\\n\\ttext-decoration: underline;\\n    color: #6AB971;\\n}\",\"text_align\":\"center\",\"link\":\"http:\\\/\\\/degrebe-project.eu\\\/future-specialists\\\/\"}},{\"type\":\"text\",\"props\":{\"margin\":\"default\",\"column_breakpoint\":\"m\",\"content\":\"\n\n<p><span data-contrast=\\\"auto\\\" xml:lang=\\\"CS-CZ\\\" lang=\\\"CS-CZ\\\" class=\\\"TextRun SCXW114847776 BCX0\\\"><span class=\\\"NormalTextRun SCXW114847776 BCX0\\\">Studujete nebo ji\\u017e pracujete v oborech souvisej\\u00edc\\u00edch se zem\\u011bd\\u011blstv\\u00edm<\\\/span><\\\/span><\\\/p>\",\"class\":\"purple-text\",\"text_align\":\"center\",\"css\":\".el-element{\\n\\tfont-weight: 700;\\n    font-family: sans-serif;\\n    font-style: italic;\\n}\"}}]}]}]},{\"type\":\"section\",\"props\":{\"style\":\"default\",\"width\":\"default\",\"vertical_align\":\"middle\",\"title_position\":\"top-left\",\"title_rotation\":\"left\",\"title_breakpoint\":\"xl\",\"image_position\":\"center-center\"},\"children\":[{\"type\":\"row\",\"children\":[{\"type\":\"column\",\"props\":{\"position_sticky_breakpoint\":\"m\",\"image_position\":\"center-center\",\"media_overlay_gradient\":\"\"},\"children\":[{\"type\":\"grid\",\"props\":{\"show_title\":true,\"show_meta\":true,\"show_content\":true,\"show_image\":true,\"show_link\":true,\"grid_default\":\"1\",\"grid_medium\":\"3\",\"filter_style\":\"tab\",\"filter_all\":true,\"filter_position\":\"top\",\"filter_align\":\"left\",\"filter_grid_width\":\"auto\",\"filter_grid_breakpoint\":\"m\",\"title_hover_style\":\"reset\",\"title_element\":\"h3\",\"title_align\":\"top\",\"title_grid_width\":\"1-2\",\"title_grid_breakpoint\":\"m\",\"meta_style\":\"meta\",\"meta_align\":\"below-title\",\"meta_element\":\"div\",\"content_column_breakpoint\":\"m\",\"icon_width\":80,\"image_align\":\"top\",\"image_grid_width\":\"1-2\",\"image_grid_breakpoint\":\"m\",\"image_svg_color\":\"emphasis\",\"link_text\":\"Read more\",\"link_style\":\"text\",\"margin\":\"default\",\"item_animation\":true},\"children\":[{\"type\":\"grid_item\",\"source\":{\"query\":{\"name\":\"posts.customPosts\",\"arguments\":{\"terms\":[],\"category_operator\":\"IN\",\"post_tag_operator\":\"IN\",\"users\":[],\"users_operator\":\"IN\",\"offset\":0,\"limit\":10,\"order\":\"date\",\"order_direction\":\"DESC\"}},\"props\":{\"meta\":{\"filters\":{\"search\":\"\"},\"arguments\":{\"format\":\"list\",\"separator\":\"|\",\"link_style\":\"\",\"show_publish_date\":true,\"show_author\":true,\"show_comments\":true,\"show_taxonomy\":\"category\",\"date_format\":\"\"},\"name\":\"metaString\"},\"image\":{\"filters\":{\"search\":\"\"},\"name\":\"featuredImage.url\"},\"image_alt\":{\"filters\":{\"search\":\"\"},\"name\":\"featuredImage.alt\"},\"title\":{\"filters\":{\"search\":\"\"},\"name\":\"title\"},\"link\":{\"filters\":{\"search\":\"\"},\"name\":\"link\"}}}}]}]}]}]},{\"name\":\"Footer\",\"type\":\"section\",\"props\":{\"style\":\"default\",\"width\":\"large\",\"vertical_align\":\"middle\",\"title_position\":\"top-left\",\"title_rotation\":\"left\",\"title_breakpoint\":\"xl\",\"image_position\":\"center-center\",\"css\":\".el-section{\\n\\tbackground-color: #f6f6f6;\\n}\"},\"children\":[{\"name\":\"\",\"type\":\"row\",\"props\":{\"layout\":\"1-3,1-3,1-3\",\"match\":true},\"children\":[{\"name\":\"\",\"type\":\"column\",\"props\":{\"image_position\":\"center-center\",\"media_overlay_gradient\":\"\",\"width_medium\":\"1-3\",\"position_sticky_breakpoint\":\"m\",\"vertical_align\":\"middle\"},\"children\":[{\"type\":\"image\",\"props\":{\"margin\":\"default\",\"image_svg_color\":\"emphasis\",\"image\":\"wp-content\\\/uploads\\\/2023\\\/10\\\/CS_Co-fundedbytheEU_RGB_POS.png\"}}]},{\"name\":\"\",\"type\":\"column\",\"props\":{\"image_position\":\"center-center\",\"media_overlay_gradient\":\"\",\"width_medium\":\"1-3\",\"position_sticky_breakpoint\":\"m\"},\"children\":[{\"type\":\"text\",\"props\":{\"margin\":\"default\",\"column_breakpoint\":\"m\",\"content\":\"\n\n<p class=\\\"_04xlpA direction-ltr align-center para-style-body\\\"><span class=\\\"JsGRdQ\\\"><span data-contrast=\\\"auto\\\" xml:lang=\\\"CS-CZ\\\" lang=\\\"CS-CZ\\\" class=\\\"TextRun SCXW75337701 BCX0\\\"><span class=\\\"NormalTextRun SCXW75337701 BCX0\\\">Projekt DEGREBE \\u010d.<\\\/span><\\\/span> 2021-1-HU01-KA220-VET-000024924 <span data-contrast=\\\"auto\\\" xml:lang=\\\"CS-CZ\\\" lang=\\\"CS-CZ\\\" class=\\\"TextRun SCXW94787024 BCX0\\\"><span class=\\\"NormalTextRun SCXW94787024 BCX0\\\">je spolufinancov\\u00e1n programem Evropsk\\u00e9 unie Erasmus+.<\\\/span><\\\/span><\\\/span><\\\/p>\\n\n\n<p class=\\\"_04xlpA direction-ltr align-center para-style-body\\\"><span data-contrast=\\\"auto\\\" xml:lang=\\\"CS-CZ\\\" lang=\\\"CS-CZ\\\" class=\\\"TextRun SCXW113562400 BCX0\\\"><span class=\\\"NormalTextRun SCXW113562400 BCX0\\\">Tyto webov\\u00e9 str\\u00e1nky vyjad\\u0159uj\\u00ed pouze n\\u00e1zory autora a Evropsk\\u00e9. Komise nem\\u016f\\u017ee b\\u00fdt \\u010din\\u011bna odpov\\u011bdnou za jak\\u00e9koli pou\\u017eit\\u00ed informac\\u00ed, kter\\u00e9 jsou v n\\u00ed obsa\\u017eeny.<\\\/span><\\\/span><span class=\\\"EOP SCXW113562400 BCX0\\\" data-ccp-props=\\\"{&quot;201341983&quot;:0,&quot;335559740&quot;:259}\\\">\\u00a0<\\\/span><\\\/p>\",\"text_align\":\"center\",\"text_color\":\"emphasis\",\"class\":\"\",\"css\":\".el-element p{\\n\\tcolor: #892E92;\\n    font-weight: 600;\\n}\"}}]},{\"name\":\"\",\"type\":\"column\",\"props\":{\"image_position\":\"center-center\",\"media_overlay_gradient\":\"\",\"width_medium\":\"1-3\",\"position_sticky_breakpoint\":\"m\",\"vertical_align\":\"middle\"},\"children\":[{\"type\":\"social\",\"props\":{\"link_style\":\"\",\"grid\":\"horizontal\",\"grid_gap\":\"small\",\"margin\":\"default\",\"icon_width\":\"40px\",\"text_align\":\"center\"},\"children\":[{\"type\":\"social_item\",\"props\":{\"link\":\"https:\\\/\\\/www.instagram.com\\\/degrebe_project\\\/\",\"status\":\"\"}},{\"type\":\"social_item\",\"props\":{\"link\":\"https:\\\/\\\/www.facebook.com\\\/DEGREBE\"}}]}]}]}]}],\"version\":\"2.7.22\"} --><\/p>\n","protected":false},"excerpt":{"rendered":"<p>ROZVOJ EKOLOGICK\u00ddCH DOVEDNOST\u00cd PRO LEP\u0160\u00cd ZAM\u011aSTNATELNOST DEGREBE je projekt financovan\u00fd programem Erasmus+, jeho\u017e c\u00edlem je pomoci mlad\u00fdm odborn\u00edk\u016fm a student\u016fm v zem\u011bd\u011blsk\u00e9m sektoru rozv\u00edjet jejich ekologick\u00e9 a pr\u016f\u0159ezov\u00e9 dovednosti. Jste pedagog?\u00a0 M\u00e1te v \u00famyslu prozkoumat mo\u017enosti gamifikace ve sv\u00fdch t\u0159\u00edd\u00e1ch Jste specialista na budoucnost?\u00a0 Studujete nebo ji\u017e pracujete v oborech souvisej\u00edc\u00edch se zem\u011bd\u011blstv\u00edm Projekt DEGREBE [&hellip;]<\/p>\n","protected":false},"author":1,"featured_media":0,"parent":0,"menu_order":0,"comment_status":"closed","ping_status":"closed","template":"","meta":[],"_links":{"self":[{"href":"http:\/\/degrebe-project.eu\/cs\/wp-json\/wp\/v2\/pages\/2059"}],"collection":[{"href":"http:\/\/degrebe-project.eu\/cs\/wp-json\/wp\/v2\/pages"}],"about":[{"href":"http:\/\/degrebe-project.eu\/cs\/wp-json\/wp\/v2\/types\/page"}],"author":[{"embeddable":true,"href":"http:\/\/degrebe-project.eu\/cs\/wp-json\/wp\/v2\/users\/1"}],"replies":[{"embeddable":true,"href":"http:\/\/degrebe-project.eu\/cs\/wp-json\/wp\/v2\/comments?post=2059"}],"version-history":[{"count":9,"href":"http:\/\/degrebe-project.eu\/cs\/wp-json\/wp\/v2\/pages\/2059\/revisions"}],"predecessor-version":[{"id":2428,"href":"http:\/\/degrebe-project.eu\/cs\/wp-json\/wp\/v2\/pages\/2059\/revisions\/2428"}],"wp:attachment":[{"href":"http:\/\/degrebe-project.eu\/cs\/wp-json\/wp\/v2\/media?parent=2059"}],"curies":[{"name":"wp","href":"https:\/\/api.w.org\/{rel}","templated":true}]}}