{"id":2041,"date":"2022-06-15T09:22:26","date_gmt":"2022-06-15T09:22:26","guid":{"rendered":"http:\/\/degrebe-project.eu\/future-specialists\/"},"modified":"2024-05-23T13:49:04","modified_gmt":"2024-05-23T13:49:04","slug":"future-specialists","status":"publish","type":"page","link":"http:\/\/degrebe-project.eu\/cs\/future-specialists\/","title":{"rendered":"Budouc\u00ed odborn\u00edci"},"content":{"rendered":"<h1>P\u0159ipravte se na zelen\u011bj\u0161\u00ed budoucnost<\/h1>\n<p><a href=\"https:\/\/degrebee.trebag.hu\/cz\"><img decoding=\"async\" src=\"\/wp-content\/uploads\/2022\/06\/game_controller.png\" alt=\"\"><\/a><\/p>\n<div>\n<h3>HRAJTE SI<\/h3>\n<div>\n<p>Zlep\u0161ete si z\u00e1\u017eitek z u\u010den\u00ed pomoc\u00ed na\u0161\u00ed hry vytvo\u0159en\u00e9 ve form\u00e1tu vizu\u00e1ln\u00edho rom\u00e1nu.<\/p>\n<\/div>\n<\/div>\n<p><img decoding=\"async\" src=\"\/wp-content\/uploads\/2022\/06\/textbook.png\" alt=\"\"><\/p>\n<div>\n<h3>STUDUJTE<\/h3>\n<div>\n<p>Objevovat nov\u00e9 poznatky pomoc\u00ed studijn\u00edch zdroj\u016f a materi\u00e1l\u016f.<\/p>\n<\/div>\n<\/div>\n<p><img decoding=\"async\" src=\"\/wp-content\/uploads\/2022\/06\/Video.png\" alt=\"\"><\/p>\n<div>\n<h3>POD\u00cdVEJTE SE <\/h3>\n<div>\n<p>Rozv\u00edjejte sv\u016fj potenci\u00e1l a hlubok\u00e9 porozum\u011bn\u00ed t\u00e9matu prost\u0159ednictv\u00edm vide\u00ed.<\/p>\n<\/div>\n<\/div>\n<h1>\n<p>STUDUJTE<\/p>\n<\/h1>\n<div>\n<p>Zde si m\u016f\u017eete prohl\u00e9dnout nadch\u00e1zej\u00edc\u00ed doprovodn\u00e1 \u0161kolen\u00ed a u\u017eite\u010dn\u00e9 informace:<\/p>\n<ul>\n<li><a href=\"https:\/\/www.ilo.org\/global\/topics\/green-jobs\/events-training\/lang--en\/index.htm\"><b><\/b><\/a><a href=\"https:\/\/www.ilo.org\/global\/topics\/green-jobs\/events-training\/lang--en\/index.htm\"><strong>\u0160kolen\u00ed o zelen\u00fdch pracovn\u00edch m\u00edstech. ILO<\/strong><\/a><\/li>\n<\/ul>\n<ul>\n<li>\n<p><a href=\"https:\/\/course.greenskills.co.za\/\"><strong>Zelen\u00e9 dovednosti<\/strong><\/a><b>, a project of the Rhodes University Environmental Learning Centre<\/b><\/p>\n<\/li>\n<\/ul>\n<p>Zde naleznete dal\u0161\u00ed publikace o zelen\u00fdch dovednostech:<\/p>\n<ul>\n<li><a href=\"https:\/\/www.cedefop.europa.eu\/en\/projects\/skills-and-jobs-green-transition\/publications\"><\/a><a href=\"https:\/\/www.cedefop.europa.eu\/en\/projects\/skills-and-jobs-green-transition\/publications\"><strong>Dovednosti a pracovn\u00ed m\u00edsta pro p\u0159echod na zelenou ekonomiku.<\/strong> <strong>CEDEFOP<\/strong><\/a><\/li>\n<\/ul>\n<\/div>\n<h1>\n<p>POD\u00cdVEJTE SE<\/p>\n<\/h1>\n<div>\n<p>Pod\u00edvejte se na na\u0161i sb\u00edrku vide\u00ed:<\/p>\n<p><b>What is Sustainable Agriculture?<\/b><\/p>\n<\/div>\n<p><iframe src=\"https:\/\/www.youtube.com\/watch?v=iloAQmroRK0&#038;list=PLWlltQ6Oy0zpgxVhd2vZqTDvVXpPhSVd0\"><\/iframe><\/p>\n<p><!--more--><br \/>\n<!-- {\"type\":\"layout\",\"children\":[{\"type\":\"section\",\"props\":{\"style\":\"primary\",\"width\":\"default\",\"vertical_align\":\"middle\",\"title_position\":\"top-left\",\"title_rotation\":\"left\",\"title_breakpoint\":\"xl\",\"image_position\":\"center-center\"},\"children\":[{\"type\":\"row\",\"children\":[{\"type\":\"column\",\"props\":{\"position_sticky_breakpoint\":\"m\",\"image_position\":\"center-center\",\"media_overlay_gradient\":\"\"},\"children\":[{\"type\":\"headline\",\"props\":{\"title_element\":\"h1\",\"content\":\"P\\u0159ipravte se na zelen\\u011bj\\u0161\\u00ed budoucnost\",\"text_align\":\"center\",\"css\":\".el-element{\\ntext-shadow: 0 0 3px #FFD743, 0 0 8px #FFD743, 0 0 13px #FFD743, 0 0 18px #FFD743, 0 0 27px #FFD743, 2px 2px 7px rgba(206,89,55,0);\\ncolor: #FFF9CE;\\nfont-weight: 900;\\n}\\n\\n\",\"class\":\"special-font\"}}]}]},{\"type\":\"row\",\"props\":{\"layout\":\"1-4,1-4,1-4,1-4|1-2,1-2,1-2,1-2\"},\"children\":[{\"type\":\"column\",\"props\":{\"position_sticky_breakpoint\":\"m\",\"image_position\":\"center-center\",\"media_overlay_gradient\":\"\",\"width_medium\":\"1-4\",\"width_small\":\"1-2\"},\"children\":[]},{\"type\":\"column\",\"props\":{\"position_sticky_breakpoint\":\"m\",\"image_position\":\"center-center\",\"media_overlay_gradient\":\"\",\"width_medium\":\"1-4\",\"width_small\":\"1-2\"},\"children\":[{\"type\":\"image\",\"props\":{\"margin\":\"default\",\"image_svg_color\":\"emphasis\",\"image\":\"wp-content\\\/uploads\\\/2022\\\/06\\\/game_controller.png\",\"image_width\":\"300\",\"link\":\"https:\\\/\\\/degrebee.trebag.hu\\\/cz\"}}]},{\"type\":\"column\",\"props\":{\"position_sticky_breakpoint\":\"m\",\"image_position\":\"center-center\",\"media_overlay_gradient\":\"\",\"width_medium\":\"1-4\",\"width_small\":\"1-2\"},\"children\":[{\"type\":\"panel\",\"props\":{\"link_text\":\"Read more\",\"title_hover_style\":\"reset\",\"title_element\":\"h3\",\"title_align\":\"top\",\"title_grid_width\":\"1-2\",\"title_grid_breakpoint\":\"m\",\"meta_style\":\"meta\",\"meta_align\":\"below-title\",\"meta_element\":\"div\",\"content_column_breakpoint\":\"m\",\"icon_width\":80,\"image_align\":\"top\",\"image_grid_width\":\"1-2\",\"image_grid_breakpoint\":\"m\",\"image_svg_color\":\"emphasis\",\"link_style\":\"default\",\"margin\":\"default\",\"title\":\"HRAJTE SI\",\"content\":\"\n\n<p>Zlep\\u0161ete si z\\u00e1\\u017eitek z u\\u010den\\u00ed pomoc\\u00ed na\\u0161\\u00ed hry vytvo\\u0159en\\u00e9 ve form\\u00e1tu vizu\\u00e1ln\\u00edho rom\\u00e1nu.<\\\/p>\",\"css\":\".el-title{\\ntext-shadow: 0 0 3px #FFE947, 0 0 8px #FFE947, 0 0 13px #FFE947, 0 0 18px #FFE947, 0 0 27px #FFE947, 2px 2px 7px rgba(206,89,55,0);\\ncolor: #FFF9CE;\\nfont-weight: 900;\\nfont-family: sans-serif;\\n text-transform: uppercase;\\n}\\n\\n.el-content{\\n\\tcolor: #fff;\\n     font-weight: 600;\\n}\\n\",\"class\":\"\"}}]},{\"type\":\"column\",\"props\":{\"position_sticky_breakpoint\":\"m\",\"image_position\":\"center-center\",\"media_overlay_gradient\":\"\",\"width_medium\":\"1-4\",\"width_small\":\"1-2\"},\"children\":[]}]},{\"type\":\"row\",\"props\":{\"layout\":\"1-4,1-4,1-4,1-4|1-2,1-2,1-2,1-2\"},\"children\":[{\"type\":\"column\",\"props\":{\"position_sticky_breakpoint\":\"m\",\"image_position\":\"center-center\",\"media_overlay_gradient\":\"\",\"width_medium\":\"1-4\",\"width_small\":\"1-2\"},\"children\":[{\"type\":\"image\",\"props\":{\"margin\":\"default\",\"image_svg_color\":\"emphasis\",\"image\":\"wp-content\\\/uploads\\\/2022\\\/06\\\/textbook.png\",\"image_width\":\"300\"}}]},{\"type\":\"column\",\"props\":{\"position_sticky_breakpoint\":\"m\",\"image_position\":\"center-center\",\"media_overlay_gradient\":\"\",\"width_medium\":\"1-4\",\"width_small\":\"1-2\"},\"children\":[{\"type\":\"panel\",\"props\":{\"link_text\":\"Read more\",\"title_hover_style\":\"reset\",\"title_element\":\"h3\",\"title_align\":\"top\",\"title_grid_width\":\"1-2\",\"title_grid_breakpoint\":\"m\",\"meta_style\":\"meta\",\"meta_align\":\"below-title\",\"meta_element\":\"div\",\"content_column_breakpoint\":\"m\",\"icon_width\":80,\"image_align\":\"top\",\"image_grid_width\":\"1-2\",\"image_grid_breakpoint\":\"m\",\"image_svg_color\":\"emphasis\",\"link_style\":\"default\",\"margin\":\"default\",\"title\":\"STUDUJTE\",\"content\":\"\n\n<p>Objevovat nov\\u00e9 poznatky pomoc\\u00ed studijn\\u00edch zdroj\\u016f a materi\\u00e1l\\u016f.<\\\/p>\",\"css\":\".el-title{\\ntext-shadow: 0 0 3px #E880F0, 0 0 8px #E880F0, 0 0 13px #E880F0, 0 0 18px #E880F0, 0 0 27px #E880F0, 2px 2px 7px rgba(206,89,55,0);\\ncolor: #FBD8FE;\\nfont-weight: 900;\\nfont-family: sans-serif;\\n text-transform: uppercase;\\n}\\n\\n.el-content{\\n\\tcolor: #fff;\\n     font-weight: 600;\\n}\\n\"}}]},{\"type\":\"column\",\"props\":{\"position_sticky_breakpoint\":\"m\",\"image_position\":\"center-center\",\"media_overlay_gradient\":\"\",\"width_medium\":\"1-4\",\"width_small\":\"1-2\"},\"children\":[{\"type\":\"image\",\"props\":{\"margin\":\"default\",\"image_svg_color\":\"emphasis\",\"image\":\"wp-content\\\/uploads\\\/2022\\\/06\\\/Video.png\",\"image_width\":\"300\"}}]},{\"type\":\"column\",\"props\":{\"position_sticky_breakpoint\":\"m\",\"image_position\":\"center-center\",\"media_overlay_gradient\":\"\",\"width_medium\":\"1-4\",\"width_small\":\"1-2\"},\"children\":[{\"type\":\"panel\",\"props\":{\"link_text\":\"Read more\",\"title_hover_style\":\"reset\",\"title_element\":\"h3\",\"title_align\":\"top\",\"title_grid_width\":\"1-2\",\"title_grid_breakpoint\":\"m\",\"meta_style\":\"meta\",\"meta_align\":\"below-title\",\"meta_element\":\"div\",\"content_column_breakpoint\":\"m\",\"icon_width\":80,\"image_align\":\"top\",\"image_grid_width\":\"1-2\",\"image_grid_breakpoint\":\"m\",\"image_svg_color\":\"emphasis\",\"link_style\":\"default\",\"margin\":\"default\",\"title\":\"POD\\u00cdVEJTE SE \",\"content\":\"\n\n<p>Rozv\\u00edjejte sv\\u016fj potenci\\u00e1l a hlubok\\u00e9 porozum\\u011bn\\u00ed t\\u00e9matu prost\\u0159ednictv\\u00edm vide\\u00ed.<\\\/p>\",\"css\":\".el-title{\\ntext-shadow: 0 0 3px #43FFAA, 0 0 8px #43FFAA, 0 0 13px #43FFAA, 0 0 18px #43FFAA, 0 0 27px #43FFAA, 2px 2px 7px rgba(206,89,55,0);\\ncolor: #B9FFDF;\\nfont-weight: 900;\\nfont-family: sans-serif;\\n text-transform: uppercase;\\n}\\n\\n\\n.el-content{\\n\\tcolor: #fff;\\n    font-weight: 600;\\n}\\n\"}}]}]}]},{\"type\":\"section\",\"props\":{\"style\":\"default\",\"width\":\"default\",\"vertical_align\":\"middle\",\"title_position\":\"top-left\",\"title_rotation\":\"left\",\"title_breakpoint\":\"xl\",\"image_position\":\"center-center\"},\"children\":[{\"type\":\"row\",\"props\":{\"layout\":\"1-5,3-5,1-5\"},\"children\":[{\"type\":\"column\",\"props\":{\"position_sticky_breakpoint\":\"m\",\"image_position\":\"center-center\",\"media_overlay_gradient\":\"\",\"width_medium\":\"1-5\"},\"children\":[]},{\"type\":\"column\",\"props\":{\"position_sticky_breakpoint\":\"m\",\"image_position\":\"center-center\",\"media_overlay_gradient\":\"\",\"width_medium\":\"3-5\"},\"children\":[{\"type\":\"headline\",\"props\":{\"title_element\":\"h1\",\"content\":\"\n\n<p>STUDUJTE<\\\/p>\"}},{\"type\":\"text\",\"props\":{\"margin\":\"default\",\"column_breakpoint\":\"m\",\"content\":\"\n\n<p>Zde si m\\u016f\\u017eete prohl\\u00e9dnout nadch\\u00e1zej\\u00edc\\u00ed doprovodn\\u00e1 \\u0161kolen\\u00ed a u\\u017eite\\u010dn\\u00e9 informace:<\\\/p>\\n\n\n<ul>\\n\n\n<li><a href=\\\"https:\\\/\\\/www.ilo.org\\\/global\\\/topics\\\/green-jobs\\\/events-training\\\/lang--en\\\/index.htm\\\"><b><\\\/b><\\\/a><a href=\\\"https:\\\/\\\/www.ilo.org\\\/global\\\/topics\\\/green-jobs\\\/events-training\\\/lang--en\\\/index.htm\\\"><strong>\\u0160kolen\\u00ed o zelen\\u00fdch pracovn\\u00edch m\\u00edstech. ILO<\\\/strong><\\\/a><\\\/li>\\n<\\\/ul>\\n\n\n<p><\\\/p>\\n\n\n<ul>\\n\n\n<li>\\n\n\n<p><a href=\\\"https:\\\/\\\/course.greenskills.co.za\\\/\\\"><strong>Zelen\\u00e9 dovednosti<\\\/strong><\\\/a><b>, a project of the Rhodes University Environmental Learning Centre<\\\/b><\\\/p>\\n<\\\/li>\\n<\\\/ul>\\n\n\n<p>Zde naleznete dal\\u0161\\u00ed publikace o zelen\\u00fdch dovednostech:<\\\/p>\\n\n\n<ul>\\n\n\n<li><a href=\\\"https:\\\/\\\/www.cedefop.europa.eu\\\/en\\\/projects\\\/skills-and-jobs-green-transition\\\/publications\\\"><\\\/a><a href=\\\"https:\\\/\\\/www.cedefop.europa.eu\\\/en\\\/projects\\\/skills-and-jobs-green-transition\\\/publications\\\"><strong>Dovednosti a pracovn\\u00ed m\\u00edsta pro p\\u0159echod na zelenou ekonomiku.<\\\/strong> <strong>CEDEFOP<\\\/strong><\\\/a><\\\/li>\\n<\\\/ul>\",\"text_style\":\"lead\"}}]},{\"type\":\"column\",\"props\":{\"position_sticky_breakpoint\":\"m\",\"image_position\":\"center-center\",\"media_overlay_gradient\":\"\",\"width_medium\":\"1-5\"},\"children\":[]}]}]},{\"type\":\"section\",\"props\":{\"style\":\"default\",\"width\":\"default\",\"vertical_align\":\"middle\",\"title_position\":\"top-left\",\"title_rotation\":\"left\",\"title_breakpoint\":\"xl\",\"image_position\":\"center-center\",\"css\":\".el-section{\\n\\tbackground-color: #8a2d92;\\n}\"},\"children\":[{\"type\":\"row\",\"props\":{\"layout\":\"1-5,3-5,1-5\"},\"children\":[{\"type\":\"column\",\"props\":{\"position_sticky_breakpoint\":\"m\",\"image_position\":\"center-center\",\"media_overlay_gradient\":\"\",\"width_medium\":\"1-5\"},\"children\":[]},{\"type\":\"column\",\"props\":{\"position_sticky_breakpoint\":\"m\",\"image_position\":\"center-center\",\"media_overlay_gradient\":\"\",\"width_medium\":\"3-5\"},\"children\":[{\"type\":\"headline\",\"props\":{\"title_element\":\"h1\",\"content\":\"\n\n<p>POD\\u00cdVEJTE SE<\\\/p>\",\"css\":\".el-element{\\n\\tcolor: #fefefe;\\n}\"}},{\"type\":\"text\",\"props\":{\"margin\":\"default\",\"column_breakpoint\":\"m\",\"content\":\"\n\n<p>Pod\\u00edvejte se na na\\u0161i sb\\u00edrku vide\\u00ed:<\\\/p>\\n\n\n<p><b>What is Sustainable Agriculture?<\\\/b><\\\/p>\",\"text_style\":\"lead\",\"css\":\".el-element\\n{color: #fefefe;}\"}},{\"type\":\"video\",\"props\":{\"video_controls\":true,\"margin\":\"default\",\"video\":\"https:\\\/\\\/www.youtube.com\\\/watch?v=iloAQmroRK0&list=PLWlltQ6Oy0zpgxVhd2vZqTDvVXpPhSVd0\",\"video_width\":\"640px\",\"text_align\":\"center\"}}]},{\"type\":\"column\",\"props\":{\"position_sticky_breakpoint\":\"m\",\"image_position\":\"center-center\",\"media_overlay_gradient\":\"\",\"width_medium\":\"1-5\"},\"children\":[]}]}]}],\"version\":\"2.7.22\"} --><\/p>\n","protected":false},"excerpt":{"rendered":"<p>P\u0159ipravte se na zelen\u011bj\u0161\u00ed budoucnost HRAJTE SI Zlep\u0161ete si z\u00e1\u017eitek z u\u010den\u00ed pomoc\u00ed na\u0161\u00ed hry vytvo\u0159en\u00e9 ve form\u00e1tu vizu\u00e1ln\u00edho rom\u00e1nu. STUDUJTE Objevovat nov\u00e9 poznatky pomoc\u00ed studijn\u00edch zdroj\u016f a materi\u00e1l\u016f. POD\u00cdVEJTE SE Rozv\u00edjejte sv\u016fj potenci\u00e1l a hlubok\u00e9 porozum\u011bn\u00ed t\u00e9matu prost\u0159ednictv\u00edm vide\u00ed. STUDUJTE Zde si m\u016f\u017eete prohl\u00e9dnout nadch\u00e1zej\u00edc\u00ed doprovodn\u00e1 \u0161kolen\u00ed a u\u017eite\u010dn\u00e9 informace: \u0160kolen\u00ed o zelen\u00fdch pracovn\u00edch [&hellip;]<\/p>\n","protected":false},"author":1,"featured_media":0,"parent":0,"menu_order":0,"comment_status":"closed","ping_status":"closed","template":"","meta":[],"_links":{"self":[{"href":"http:\/\/degrebe-project.eu\/cs\/wp-json\/wp\/v2\/pages\/2041"}],"collection":[{"href":"http:\/\/degrebe-project.eu\/cs\/wp-json\/wp\/v2\/pages"}],"about":[{"href":"http:\/\/degrebe-project.eu\/cs\/wp-json\/wp\/v2\/types\/page"}],"author":[{"embeddable":true,"href":"http:\/\/degrebe-project.eu\/cs\/wp-json\/wp\/v2\/users\/1"}],"replies":[{"embeddable":true,"href":"http:\/\/degrebe-project.eu\/cs\/wp-json\/wp\/v2\/comments?post=2041"}],"version-history":[{"count":11,"href":"http:\/\/degrebe-project.eu\/cs\/wp-json\/wp\/v2\/pages\/2041\/revisions"}],"predecessor-version":[{"id":2821,"href":"http:\/\/degrebe-project.eu\/cs\/wp-json\/wp\/v2\/pages\/2041\/revisions\/2821"}],"wp:attachment":[{"href":"http:\/\/degrebe-project.eu\/cs\/wp-json\/wp\/v2\/media?parent=2041"}],"curies":[{"name":"wp","href":"https:\/\/api.w.org\/{rel}","templated":true}]}}